{"id":9676,"date":"2024-06-28T01:44:33","date_gmt":"2024-06-28T01:44:33","guid":{"rendered":"https:\/\/egypt-tourism.com\/product\/giza-pyramids-sphinx-sakkara-and-memphis-day-tour\/"},"modified":"2025-12-26T15:08:16","modified_gmt":"2025-12-26T15:08:16","slug":"giza-pyramids-sphinx-sakkara-and-memphis-day-tour","status":"publish","type":"product","link":"https:\/\/egypt-tourism.com\/fr\/product\/giza-pyramids-sphinx-sakkara-and-memphis-day-tour\/","title":{"rendered":"Excursion d&#039;une journ\u00e9e aux pyramides de Gizeh, au Sphinx, \u00e0 Sakkara et \u00e0 Memphis"},"content":{"rendered":"<p>Remontez le temps jusqu&#039;\u00e0 l&#039;\u00e9poque de l&#039;ancienne Egypte, un tour des Grandes Pyramides de Gizeh et le Sphinx, la n\u00e9cropole de Saqqarah et de l&#039;ancienne capitale, Memphis. Avec votre propre guide \u00c9gyptologue pour ouvrir la voie de cette visite guid\u00e9e, vous pouvez d\u00e9terminer la quantit\u00e9 de temps que vous souhaitez consacrer \u00e0 chacun des sites que vous allez visiter. Le Plateau de Gizeh, il est \u00e0 seulement 30 minutes du Caire, o\u00f9 votre guide \u00c9gyptologue qualifi\u00e9 fournira une introduction fascinante pour chacun des trois pyramides: Kh\u00e9ops, Kh\u00e9phren et Menakaure. Vous aurez du temps libre pour entrer dans une des pyramides (en option), bien que le guide n&#039;est pas autoris\u00e9 \u00e0 entrer avec vous, ou de prendre une promenade en chameau (en option). Apr\u00e8s avoir visit\u00e9 les pyramides, vous continuerez \u00e0 travers le plateau, pour une photo \u00e0 l&#039;occasion des trois pyramides de la hausse des sables, avec l&#039;horizon du Caire en arri\u00e8re-plan.Un court trajet en voiture de la ville du c\u00f4t\u00e9 du plateau vous trouve aux pieds du Sphinx, pour des milliers d&#039;ann\u00e9es, le symbole \u00e9nigmatique de l&#039;Egypte. \u00c9galement \u00e0 Gizeh, vous pouvez visiter le Mus\u00e9e du Bateau Solaire (en option), la maison de remarquablement bien conserv\u00e9 de la barque fun\u00e9raire de Kh\u00e9ops. Votre prochain arr\u00eat est de Saqqarah, \u00e0 la maison de la plus ancienne pyramide \u00e9gyptienne, construit en 2800 B. C. Votre guide vous fournira une br\u00e8ve histoire de la fameuse Pyramide et vous aurez du temps libre pour se promener. Votre dernier arr\u00eat est de Memphis, l&#039;ancienne capitale de l&#039;\u00c9gypte. Ici, vous pourrez voir des artefacts provenant de la plupart des grands souverains de l&#039;Egypte, y compris la tomb\u00e9e de la statue de Rams\u00e8s II et le deuxi\u00e8me plus grand sphinx en \u00c9gypte. Vous aurez \u00e9galement la chance de visiter un Institut de Papyrus \u00e0 voir comment le c\u00e9l\u00e8bre illustration est faite.<\/p>","protected":false},"excerpt":{"rendered":"<p>Step back in time to the days of ancient Egypt on a tour of the Great Pyramids of Giza and Sphinx, the necropolis of Sakkara and the former capital, Memphis. With your own Egyptologist guide to lead the way on this tour, you can determine the amount of time you&#8217;d like to spend at each [&hellip;]<\/p>","protected":false},"featured_media":83,"comment_status":"open","ping_status":"closed","template":"","meta":{"_acf_changed":false,"_joinchat":[]},"product_cat":[74],"product_tag":[70],"class_list":{"0":"post-9676","1":"product","2":"type-product","3":"status-publish","4":"has-post-thumbnail","6":"product_cat-fullday","7":"product_tag-giza","8":"tm-has-options","10":"first","11":"instock","12":"shipping-taxable","13":"purchasable","14":"product-type-simple"},"acf":[],"_links":{"self":[{"href":"https:\/\/egypt-tourism.com\/fr\/wp-json\/wp\/v2\/product\/9676","targetHints":{"allow":["GET"]}}],"collection":[{"href":"https:\/\/egypt-tourism.com\/fr\/wp-json\/wp\/v2\/product"}],"about":[{"href":"https:\/\/egypt-tourism.com\/fr\/wp-json\/wp\/v2\/types\/product"}],"replies":[{"embeddable":true,"href":"https:\/\/egypt-tourism.com\/fr\/wp-json\/wp\/v2\/comments?post=9676"}],"wp:featuredmedia":[{"embeddable":true,"href":"https:\/\/egypt-tourism.com\/fr\/wp-json\/wp\/v2\/media\/83"}],"wp:attachment":[{"href":"https:\/\/egypt-tourism.com\/fr\/wp-json\/wp\/v2\/media?parent=9676"}],"wp:term":[{"taxonomy":"product_cat","embeddable":true,"href":"https:\/\/egypt-tourism.com\/fr\/wp-json\/wp\/v2\/product_cat?post=9676"},{"taxonomy":"product_tag","embeddable":true,"href":"https:\/\/egypt-tourism.com\/fr\/wp-json\/wp\/v2\/product_tag?post=9676"}],"curies":[{"name":"wp","href":"https:\/\/api.w.org\/{rel}","templated":true}]}}