{"id":9675,"date":"2024-06-28T01:44:33","date_gmt":"2024-06-28T01:44:33","guid":{"rendered":"https:\/\/egypt-tourism.com\/product\/alexandria-day-trip-from-cairo\/"},"modified":"2025-12-28T11:12:13","modified_gmt":"2025-12-28T11:12:13","slug":"alexandria-day-trip-from-cairo","status":"publish","type":"product","link":"https:\/\/egypt-tourism.com\/fr\/product\/alexandria-day-trip-from-cairo\/","title":{"rendered":"Alexandrie Journ\u00e9e Au D\u00e9part De Le Caire"},"content":{"rendered":"<p>La deuxi\u00e8me plus grande ville d&#039;Egypte, Alexandrie a une atmosph\u00e8re qui est plus M\u00e9diterran\u00e9en que du Moyen-Orient et est c\u00e9l\u00e8bre pour ses vestiges Romains. Alexandrie a \u00e9t\u00e9 fond\u00e9e par Alexandre le Grand en 312 B. C., et fut la capitale de lutte Gr\u00e9co-Romaine en Egypte. Votre premier arr\u00eat dans cette ville historique, les Catacombes de Kom el-Shoqafa, qui est un Roman de s\u00e9pulture qui r\u00e9v\u00e8le la fusion des \u00c9gyptiens et des Romains de l&#039;art et de l&#039;architecture. Descendre au-dessous du sol de la visite de la tombe et de Caracalla Hall. De retour au-dessus du sol, de continuer \u00e0 la colonne de Pomp\u00e9e, de 82 pieds (25 m\u00e8tres) colonne de granit construit en l&#039;honneur de l&#039;Empereur Diocl\u00e9tien qui a lib\u00e9r\u00e9 la ville assi\u00e9g\u00e9e et apport\u00e9 de la nourriture \u00e0 ses gens qui meurent de faim. Poursuivant le th\u00e8me Romain, le site suivant votre guide va vous montrer est l&#039;amphith\u00e9\u00e2tre Romain, peut-\u00eatre les Romains les mieux pr\u00e9serv\u00e9s site en Egypte. Le site comprend \u00e9galement les restes d&#039;une rue Romaine et des maisons. Apr\u00e8s le d\u00e9jeuner (pour un co\u00fbt suppl\u00e9mentaire), vous pourrez visiter la c\u00e9l\u00e8bre Biblioth\u00e8que d&#039;Alexandrie. Contrairement \u00e0 l&#039;architecture antique trouv\u00e9 dans toute l&#039;Egypte, ce norv\u00e9gien b\u00e2timent con\u00e7u par une frappe de la pi\u00e8ce de design moderne. Une copie de tous les livres publi\u00e9s dans le monde, conserv\u00e9 dans la biblioth\u00e8que, c&#039;est l&#039;un des grands sites litt\u00e9raires dans le monde. La biblioth\u00e8que abrite \u00e9galement plusieurs expositions relatives \u00e0 l&#039;histoire de l&#039;\u00c9gypte et l&#039;affichage des rares livres anciens (pour un co\u00fbt suppl\u00e9mentaire). Apr\u00e8s la conclusion de la visite, vous pourrez retourner au Caire.<\/p>","protected":false},"excerpt":{"rendered":"<p>The second largest city in Egypt, Alexandria has an atmosphere that is more Mediterranean than Middle Eastern and is famous for its Roman remains. Alexandria was founded by Alexander the Great in 312 B.C., and was the capital of Greco-Roman Egypt. Your first stop in this historic city is the Catacombs of Kom el Shoqafa, [&hellip;]<\/p>","protected":false},"featured_media":101,"comment_status":"open","ping_status":"closed","template":"","meta":{"_acf_changed":false,"_joinchat":[]},"product_cat":[74],"product_tag":[68],"class_list":{"0":"post-9675","1":"product","2":"type-product","3":"status-publish","4":"has-post-thumbnail","6":"product_cat-fullday","7":"product_tag-cairo","8":"tm-has-options","10":"first","11":"instock","12":"shipping-taxable","13":"purchasable","14":"product-type-simple"},"acf":[],"_links":{"self":[{"href":"https:\/\/egypt-tourism.com\/fr\/wp-json\/wp\/v2\/product\/9675","targetHints":{"allow":["GET"]}}],"collection":[{"href":"https:\/\/egypt-tourism.com\/fr\/wp-json\/wp\/v2\/product"}],"about":[{"href":"https:\/\/egypt-tourism.com\/fr\/wp-json\/wp\/v2\/types\/product"}],"replies":[{"embeddable":true,"href":"https:\/\/egypt-tourism.com\/fr\/wp-json\/wp\/v2\/comments?post=9675"}],"wp:featuredmedia":[{"embeddable":true,"href":"https:\/\/egypt-tourism.com\/fr\/wp-json\/wp\/v2\/media\/101"}],"wp:attachment":[{"href":"https:\/\/egypt-tourism.com\/fr\/wp-json\/wp\/v2\/media?parent=9675"}],"wp:term":[{"taxonomy":"product_cat","embeddable":true,"href":"https:\/\/egypt-tourism.com\/fr\/wp-json\/wp\/v2\/product_cat?post=9675"},{"taxonomy":"product_tag","embeddable":true,"href":"https:\/\/egypt-tourism.com\/fr\/wp-json\/wp\/v2\/product_tag?post=9675"}],"curies":[{"name":"wp","href":"https:\/\/api.w.org\/{rel}","templated":true}]}}