{"id":9674,"date":"2024-06-28T01:44:33","date_gmt":"2024-06-28T01:44:33","guid":{"rendered":"https:\/\/egypt-tourism.com\/product\/private-half-day-trip-to-giza-pyramids-with-camel-riding\/"},"modified":"2024-06-28T22:14:40","modified_gmt":"2024-06-28T22:14:40","slug":"private-half-day-trip-to-giza-pyramids-with-camel-riding","status":"publish","type":"product","link":"https:\/\/egypt-tourism.com\/fr\/product\/private-half-day-trip-to-giza-pyramids-with-camel-riding\/","title":{"rendered":"Priv\u00e9 De La Demi-Journ\u00e9e D&#039;Excursion Aux Pyramides De Gizeh, \u00c0 Dos De Chameau"},"content":{"rendered":"<p>vous rencontrerez votre guide dans le hall de votre h\u00f4tel puis vous commencez \u00e0 visiter les sites suivants 9:00 am pyramides de Gizeh, le Sphinx et le temple de la Vall\u00e9e, Notre guide va vous chercher \u00e0 votre h\u00f4tel pour visiter les sites pr\u00e9cit\u00e9s dans un cadre moderne van climatis\u00e9. puis vous irez \u00e0 la balade \u00e0 dos de dromadaire pour 30 minutes autour des pyramides . Puis vous conduire \u00e0 votre h\u00f4tel.<\/p>","protected":false},"excerpt":{"rendered":"<p>you will meet your guide in the lobby of your hotel then you start visit the following sites 9:00 am Giza pyramids, the Sphinx and the Valley temple, Our tour guide will pick you up from your hotel to visit the abovementioned sites in a modern air-conditioned van. then you will go to ride camel [&hellip;]<\/p>","protected":false},"featured_media":194,"comment_status":"open","ping_status":"closed","template":"","meta":{"_acf_changed":false,"_joinchat":[]},"product_cat":[73],"product_tag":[70],"class_list":{"0":"post-9674","1":"product","2":"type-product","3":"status-publish","4":"has-post-thumbnail","6":"product_cat-halfday","7":"product_tag-giza","8":"tm-has-options","10":"first","11":"instock","12":"shipping-taxable","13":"purchasable","14":"product-type-simple"},"acf":[],"_links":{"self":[{"href":"https:\/\/egypt-tourism.com\/fr\/wp-json\/wp\/v2\/product\/9674","targetHints":{"allow":["GET"]}}],"collection":[{"href":"https:\/\/egypt-tourism.com\/fr\/wp-json\/wp\/v2\/product"}],"about":[{"href":"https:\/\/egypt-tourism.com\/fr\/wp-json\/wp\/v2\/types\/product"}],"replies":[{"embeddable":true,"href":"https:\/\/egypt-tourism.com\/fr\/wp-json\/wp\/v2\/comments?post=9674"}],"wp:featuredmedia":[{"embeddable":true,"href":"https:\/\/egypt-tourism.com\/fr\/wp-json\/wp\/v2\/media\/194"}],"wp:attachment":[{"href":"https:\/\/egypt-tourism.com\/fr\/wp-json\/wp\/v2\/media?parent=9674"}],"wp:term":[{"taxonomy":"product_cat","embeddable":true,"href":"https:\/\/egypt-tourism.com\/fr\/wp-json\/wp\/v2\/product_cat?post=9674"},{"taxonomy":"product_tag","embeddable":true,"href":"https:\/\/egypt-tourism.com\/fr\/wp-json\/wp\/v2\/product_tag?post=9674"}],"curies":[{"name":"wp","href":"https:\/\/api.w.org\/{rel}","templated":true}]}}