{"id":9672,"date":"2024-06-28T01:44:33","date_gmt":"2024-06-28T01:44:33","guid":{"rendered":"https:\/\/egypt-tourism.com\/product\/the-new-grand-museum-of-egypt\/"},"modified":"2025-12-28T15:58:45","modified_gmt":"2025-12-28T15:58:45","slug":"all-inclusive-giza-pyramids-and-the-new-grand-museum-of-egypt","status":"publish","type":"product","link":"https:\/\/egypt-tourism.com\/fr\/product\/all-inclusive-giza-pyramids-and-the-new-grand-museum-of-egypt\/","title":{"rendered":"Formule tout compris : pyramides de Gizeh et nouveau Grand Mus\u00e9e d\u2019\u00c9gypte (GEM)"},"content":{"rendered":"<p data-start=\"346\" data-end=\"713\">D\u00e9couvrez les tr\u00e9sors les plus embl\u00e9matiques d'\u00c9gypte dans une \u00e9l\u00e9gance absolue gr\u00e2ce \u00e0 ceci <strong data-start=\"418\" data-end=\"502\">Visite priv\u00e9e de luxe des pyramides de Gizeh et du nouveau Grand Mus\u00e9e \u00c9gyptien (GEM)<\/strong>Con\u00e7ue pour les voyageurs exigeants, cette exp\u00e9rience haut de gamme allie arch\u00e9ologie de renomm\u00e9e mondiale, architecture \u00e0 couper le souffle et service VIP personnalis\u00e9 pour un voyage inoubliable \u00e0 travers l'\u00c9gypte ancienne et moderne<\/p>\r\n<p data-start=\"715\" data-end=\"1174\">Votre journ\u00e9e commence par <strong data-start=\"736\" data-end=\"754\">ramassage priv\u00e9<\/strong> Depuis votre h\u00f4tel, vous prendrez place \u00e0 bord d'un v\u00e9hicule de luxe climatis\u00e9, accompagn\u00e9 d'un guide \u00e9gyptologue expert qui vous sera exclusivement d\u00e9di\u00e9. Votre premier arr\u00eat sera le l\u00e9gendaire <strong data-start=\"916\" data-end=\"932\">Plateau de Gizeh<\/strong>, qui abrite la Grande Pyramide de Kh\u00e9ops, la Pyramide de Kh\u00e9phren, la Pyramide de Myk\u00e9rinos et l'intemporelle <strong data-start=\"1035\" data-end=\"1045\">Sphinx<\/strong>. Profitez de points de vue panoramiques privil\u00e9gi\u00e9s, d'informations exclusives et de la possibilit\u00e9 de prendre des photos extraordinaires loin de la foule.<\/p>\r\n<p data-start=\"1176\" data-end=\"1669\">Apr\u00e8s avoir explor\u00e9 la derni\u00e8re merveille du monde antique, poursuivez votre d\u00e9couverte avec le projet culturel le plus attendu d'\u00c9gypte : le <strong data-start=\"1299\" data-end=\"1330\">Grand Mus\u00e9e \u00e9gyptien<\/strong>. Avec son architecture moderne \u00e9poustouflante, ses vastes galeries et sa conservation de pointe, le GEM offre une exp\u00e9rience mus\u00e9ale de luxe incomparable. Laissez-vous \u00e9merveiller par les chefs-d'\u0153uvre de l'\u00e9poque pharaonique, admirez les statues monumentales du Grand Atrium et d\u00e9couvrez des tr\u00e9sors expos\u00e9s pour la premi\u00e8re fois dans des conditions de conservation exceptionnelles.<\/p>\r\n<p data-start=\"1671\" data-end=\"1839\">Tout au long de la visite, profitez d'un confort haut de gamme, d'horaires flexibles, de boissons fra\u00eeches et de l'attention personnalis\u00e9e d'un guide comp\u00e9tent qui donnera vie aux histoires de l'\u00c9gypte.<\/p>","protected":false},"excerpt":{"rendered":"<p>Experience Egypt\u2019s most iconic treasures in complete elegance with this luxury private tour of the Giza Pyramids and the new Grand Egyptian Museum (GEM). Designed for discerning travelers, this premium experience blends world-class archaeology, breathtaking architecture, and personalized VIP service for an unforgettable journey through ancient and modern Egypt. Your day begins with private pickup [&hellip;]<\/p>","protected":false},"featured_media":10162,"comment_status":"open","ping_status":"closed","template":"","meta":{"_acf_changed":false,"_joinchat":[]},"product_cat":[74],"product_tag":[70],"class_list":{"0":"post-9672","1":"product","2":"type-product","3":"status-publish","4":"has-post-thumbnail","6":"product_cat-fullday","7":"product_tag-giza","8":"tm-has-options","10":"first","11":"instock","12":"shipping-taxable","13":"purchasable","14":"product-type-simple"},"acf":[],"_links":{"self":[{"href":"https:\/\/egypt-tourism.com\/fr\/wp-json\/wp\/v2\/product\/9672","targetHints":{"allow":["GET"]}}],"collection":[{"href":"https:\/\/egypt-tourism.com\/fr\/wp-json\/wp\/v2\/product"}],"about":[{"href":"https:\/\/egypt-tourism.com\/fr\/wp-json\/wp\/v2\/types\/product"}],"replies":[{"embeddable":true,"href":"https:\/\/egypt-tourism.com\/fr\/wp-json\/wp\/v2\/comments?post=9672"}],"wp:featuredmedia":[{"embeddable":true,"href":"https:\/\/egypt-tourism.com\/fr\/wp-json\/wp\/v2\/media\/10162"}],"wp:attachment":[{"href":"https:\/\/egypt-tourism.com\/fr\/wp-json\/wp\/v2\/media?parent=9672"}],"wp:term":[{"taxonomy":"product_cat","embeddable":true,"href":"https:\/\/egypt-tourism.com\/fr\/wp-json\/wp\/v2\/product_cat?post=9672"},{"taxonomy":"product_tag","embeddable":true,"href":"https:\/\/egypt-tourism.com\/fr\/wp-json\/wp\/v2\/product_tag?post=9672"}],"curies":[{"name":"wp","href":"https:\/\/api.w.org\/{rel}","templated":true}]}}