{"id":9668,"date":"2024-06-28T01:44:33","date_gmt":"2024-06-28T01:44:33","guid":{"rendered":"https:\/\/egypt-tourism.com\/product\/cairo-dinner-cruise-with-belly-dancer-show\/"},"modified":"2024-07-03T04:02:51","modified_gmt":"2024-07-03T04:02:51","slug":"cairo-dinner-cruise-with-belly-dancer-show","status":"publish","type":"product","link":"https:\/\/egypt-tourism.com\/fr\/product\/cairo-dinner-cruise-with-belly-dancer-show\/","title":{"rendered":"Le Caire D\u00eener-Croisi\u00e8re Avec Danseuse Du Ventre, Spectacle"},"content":{"rendered":"<p>\u00a0Commence \u00e0 18 H 30, Notre Repr\u00e9sentant viendra vous Chercher \u00e0 votre H\u00f4tel puis transfert en Priv\u00e9 A\/C du V\u00e9hicule au centre-ville du Caire, o\u00f9 le Pire de la Croisi\u00e8re Navire se trouve Alors montez \u00e0 Bord et Profiter de la voile pendant 2 Heures et profiter de regarder le spectacle de Danse du Ventre avec l&#039;un des plus c\u00e9l\u00e8bre danseuse du Ventre en Egypte, puis Profiter de la traditionnelle Tanoura Spectacle et profiter du plein d\u00eener sous forme de Buffet avec vue sur le Nil. plus tard, vous serez transf\u00e9r\u00e9 \u00e0 votre H\u00f4tel \u00e0 22:30 pm<\/p>","protected":false},"excerpt":{"rendered":"<p>\u00a0Starts at\u00a018:30 Pm Our Representative will Pick you up from your Hotel then transfer by Private A\/C Vehicle to downtown of Cairo where the Pire of the Cruise Ship is located Then get on Board and Enjoy sailing for\u00a02 Hours and enjoy watching\u00a0the Belly Dancing show with one of the most famous Belly dancer in [&hellip;]<\/p>","protected":false},"featured_media":9978,"comment_status":"open","ping_status":"closed","template":"","meta":{"_acf_changed":false,"_joinchat":[]},"product_cat":[66],"product_tag":[68],"class_list":{"0":"post-9668","1":"product","2":"type-product","3":"status-publish","4":"has-post-thumbnail","6":"product_cat-nile-cruise-tours","7":"product_tag-cairo","8":"tm-has-options","10":"first","11":"instock","12":"shipping-taxable","13":"purchasable","14":"product-type-simple"},"acf":[],"_links":{"self":[{"href":"https:\/\/egypt-tourism.com\/fr\/wp-json\/wp\/v2\/product\/9668","targetHints":{"allow":["GET"]}}],"collection":[{"href":"https:\/\/egypt-tourism.com\/fr\/wp-json\/wp\/v2\/product"}],"about":[{"href":"https:\/\/egypt-tourism.com\/fr\/wp-json\/wp\/v2\/types\/product"}],"replies":[{"embeddable":true,"href":"https:\/\/egypt-tourism.com\/fr\/wp-json\/wp\/v2\/comments?post=9668"}],"wp:featuredmedia":[{"embeddable":true,"href":"https:\/\/egypt-tourism.com\/fr\/wp-json\/wp\/v2\/media\/9978"}],"wp:attachment":[{"href":"https:\/\/egypt-tourism.com\/fr\/wp-json\/wp\/v2\/media?parent=9668"}],"wp:term":[{"taxonomy":"product_cat","embeddable":true,"href":"https:\/\/egypt-tourism.com\/fr\/wp-json\/wp\/v2\/product_cat?post=9668"},{"taxonomy":"product_tag","embeddable":true,"href":"https:\/\/egypt-tourism.com\/fr\/wp-json\/wp\/v2\/product_tag?post=9668"}],"curies":[{"name":"wp","href":"https:\/\/api.w.org\/{rel}","templated":true}]}}