{"id":9667,"date":"2024-06-28T01:44:33","date_gmt":"2024-06-28T01:44:33","guid":{"rendered":"https:\/\/egypt-tourism.com\/product\/lunch-cruise-on-the-nile-in-cairo\/"},"modified":"2024-06-28T21:06:37","modified_gmt":"2024-06-28T21:06:37","slug":"lunch-cruise-on-the-nile-in-cairo","status":"publish","type":"product","link":"https:\/\/egypt-tourism.com\/fr\/product\/lunch-cruise-on-the-nile-in-cairo\/","title":{"rendered":"D\u00e9jeuner Croisi\u00e8re Sur Le Nil Au Caire"},"content":{"rendered":"<p>with Egypt Tourism Starts at 13:30 Pm with Pickup from Customer Location in Cairo by Egypt Tourism representative then\u00a0transfer by air-conditioned Vehicle\u00a0to the pire where you Board Nile Crystal Cruise and start\u00a0your Lunch Cruise trip on the river Nile, Embarkation to your Nile Cruise, and Enjoy Open Buffet Lunch including different items of Egyptian food,<\/p><p>le voyage comprend tout de Ramassage et de d\u00e9p\u00f4t des transferts,Buffet D\u00e9jeuner,Exclut toute<s>\u00a0<\/s>Boissons\u00a0<\/p>","protected":false},"excerpt":{"rendered":"<p>with Egypt Tourism Starts at 13:30 Pm with Pickup from Customer Location in Cairo by Egypt Tourism representative then\u00a0transfer by air-conditioned Vehicle\u00a0to the pire where you Board Nile Crystal Cruise and start\u00a0your Lunch Cruise trip on the river Nile, Embarkation to your Nile Cruise, and Enjoy Open Buffet Lunch including different items of Egyptian food, [&hellip;]<\/p>","protected":false},"featured_media":285,"comment_status":"open","ping_status":"closed","template":"","meta":{"_acf_changed":false,"_joinchat":[]},"product_cat":[66],"product_tag":[68],"class_list":{"0":"post-9667","1":"product","2":"type-product","3":"status-publish","4":"has-post-thumbnail","6":"product_cat-nile-cruise-tours","7":"product_tag-cairo","8":"tm-has-options","10":"first","11":"instock","12":"shipping-taxable","13":"purchasable","14":"product-type-simple"},"acf":[],"_links":{"self":[{"href":"https:\/\/egypt-tourism.com\/fr\/wp-json\/wp\/v2\/product\/9667","targetHints":{"allow":["GET"]}}],"collection":[{"href":"https:\/\/egypt-tourism.com\/fr\/wp-json\/wp\/v2\/product"}],"about":[{"href":"https:\/\/egypt-tourism.com\/fr\/wp-json\/wp\/v2\/types\/product"}],"replies":[{"embeddable":true,"href":"https:\/\/egypt-tourism.com\/fr\/wp-json\/wp\/v2\/comments?post=9667"}],"wp:featuredmedia":[{"embeddable":true,"href":"https:\/\/egypt-tourism.com\/fr\/wp-json\/wp\/v2\/media\/285"}],"wp:attachment":[{"href":"https:\/\/egypt-tourism.com\/fr\/wp-json\/wp\/v2\/media?parent=9667"}],"wp:term":[{"taxonomy":"product_cat","embeddable":true,"href":"https:\/\/egypt-tourism.com\/fr\/wp-json\/wp\/v2\/product_cat?post=9667"},{"taxonomy":"product_tag","embeddable":true,"href":"https:\/\/egypt-tourism.com\/fr\/wp-json\/wp\/v2\/product_tag?post=9667"}],"curies":[{"name":"wp","href":"https:\/\/api.w.org\/{rel}","templated":true}]}}