{"id":9664,"date":"2024-06-28T01:44:33","date_gmt":"2024-06-28T01:44:33","guid":{"rendered":"https:\/\/egypt-tourism.com\/product\/cairo-city-tour-all-inclusive\/"},"modified":"2024-07-02T06:31:15","modified_gmt":"2024-07-02T06:31:15","slug":"cairo-city-tour-all-inclusive","status":"publish","type":"product","link":"https:\/\/egypt-tourism.com\/fr\/product\/cairo-city-tour-all-inclusive\/","title":{"rendered":"Le Caire Visite De La Ville Tout Compris"},"content":{"rendered":"<p>Aujourd\u2019hui, vous vous plongerez dans l\u2019histoire de l\u2019\u00c9gypte<br \/>Aujourd\u2019hui, vous vous plongerez dans l\u2019histoire de l\u2019\u00c9gypte.\nVous visiterez les attractions islamiques les plus populaires du Caire : vous visiterez la mosqu\u00e9e d'Alb\u00e2tre de la citadelle de Salah el-Din, situ\u00e9e au sommet d'une colline calcaire surplombant le Caire et qui est la mosqu\u00e9e la plus importante de la ville. La partie inf\u00e9rieure de la mosqu\u00e9e est rev\u00eatue \u00e0 l'int\u00e9rieur et \u00e0 l'ext\u00e9rieur d'alb\u00e2tre tandis que la partie sup\u00e9rieure est construite \u00e0 partir du rev\u00eatement en calcaire retir\u00e9 des pyramides de Gizeh. \u00c0 l'int\u00e9rieur de la mosqu\u00e9e, votre guide vous pr\u00e9sentera les croyances fondamentales de l'Islam, notamment une traduction des pri\u00e8res les plus courantes. Ensuite, vous d\u00e9couvrirez les sites antiques et la culture des chr\u00e9tiens coptes o\u00f9 vous en apprendrez davantage sur la vie chr\u00e9tienne en \u00c9gypte, un pays o\u00f9 le christianisme est minoritaire. Vous visiterez d'abord l'\u00e9glise suspendue, construite dans les murs de la porte d'eau de la forteresse romaine et qui est probablement la plus ancienne \u00e9glise chr\u00e9tienne d'\u00c9gypte. D\u00e9di\u00e9e \u00e0 la Vierge Marie, c'est l'une des plus belles \u00e9glises du Caire. Continuez vers le monast\u00e8re et l'\u00e9glise de Saint-Georges. C'est l'une des rares \u00e9glises circulaires restantes au Moyen-Orient. Votre prochain arr\u00eat est Abu Serga, l'un des endroits o\u00f9 la Sainte Famille s'est repos\u00e9e apr\u00e8s avoir fui Isra\u00ebl devant le roi H\u00e9rode. Au tournant du si\u00e8cle, cette petite \u00e9glise, qui date du Xe si\u00e8cle, \u00e9tait le lieu de p\u00e8lerinage le plus important du vieux Caire pour les touristes chr\u00e9tiens en visite. Il y a 24 colonnes de marbre bordant la cour centrale et une s\u00e9rie d'ic\u00f4nes du XIIe si\u00e8cle repr\u00e9sentant les 12 ap\u00f4tres. Vous visiterez ensuite la synagogue Ben Ezra, l'une des plus anciennes synagogues d'\u00c9gypte. Situ\u00e9e dans un jardin ombrag\u00e9, elle a \u00e9t\u00e9 construite \u00e0 l'emplacement de l'\u00e9glise chr\u00e9tienne du IVe si\u00e8cle.<\/p>","protected":false},"excerpt":{"rendered":"<p>Today you will immerse yourself in Egypt\u2019s history.You will visit Cairo\u2019s most popular Islamic attractions: You will tour to the Alabaster Mosque at the Citadel of Salah el-Din which sits on top a limestone hill overlooking Cairo and is the most important mosque in the city. The lower part of the Mosque is clad inside [&hellip;]<\/p>","protected":false},"featured_media":9883,"comment_status":"open","ping_status":"closed","template":"","meta":{"_acf_changed":false,"_joinchat":[]},"product_cat":[74],"product_tag":[68],"class_list":{"0":"post-9664","1":"product","2":"type-product","3":"status-publish","4":"has-post-thumbnail","6":"product_cat-fullday","7":"product_tag-cairo","8":"tm-has-options","10":"first","11":"instock","12":"shipping-taxable","13":"purchasable","14":"product-type-simple"},"acf":[],"_links":{"self":[{"href":"https:\/\/egypt-tourism.com\/fr\/wp-json\/wp\/v2\/product\/9664","targetHints":{"allow":["GET"]}}],"collection":[{"href":"https:\/\/egypt-tourism.com\/fr\/wp-json\/wp\/v2\/product"}],"about":[{"href":"https:\/\/egypt-tourism.com\/fr\/wp-json\/wp\/v2\/types\/product"}],"replies":[{"embeddable":true,"href":"https:\/\/egypt-tourism.com\/fr\/wp-json\/wp\/v2\/comments?post=9664"}],"wp:featuredmedia":[{"embeddable":true,"href":"https:\/\/egypt-tourism.com\/fr\/wp-json\/wp\/v2\/media\/9883"}],"wp:attachment":[{"href":"https:\/\/egypt-tourism.com\/fr\/wp-json\/wp\/v2\/media?parent=9664"}],"wp:term":[{"taxonomy":"product_cat","embeddable":true,"href":"https:\/\/egypt-tourism.com\/fr\/wp-json\/wp\/v2\/product_cat?post=9664"},{"taxonomy":"product_tag","embeddable":true,"href":"https:\/\/egypt-tourism.com\/fr\/wp-json\/wp\/v2\/product_tag?post=9664"}],"curies":[{"name":"wp","href":"https:\/\/api.w.org\/{rel}","templated":true}]}}