{"id":9663,"date":"2024-06-28T01:44:33","date_gmt":"2024-06-28T01:44:33","guid":{"rendered":"https:\/\/egypt-tourism.com\/product\/el-alamein-day-tour-from-cairo\/"},"modified":"2025-12-28T16:59:46","modified_gmt":"2025-12-28T16:59:46","slug":"el-alamein-day-tour-from-cairo","status":"publish","type":"product","link":"https:\/\/egypt-tourism.com\/fr\/product\/el-alamein-day-tour-from-cairo\/","title":{"rendered":"El Alamein Journ\u00e9e \u00c0 Partir De Le Caire"},"content":{"rendered":"<p data-start=\"1247\" data-end=\"1408\"><strong data-start=\"1247\" data-end=\"1322\">Voyagez confortablement lors d'une excursion priv\u00e9e d'une journ\u00e9e de luxe du Caire \u00e0 El Alamein<\/strong>, une destination d'une profonde importance historique et d'une beaut\u00e9 m\u00e9diterran\u00e9enne sereine.<\/p>\r\n<p data-start=\"1415\" data-end=\"1589\">Votre exp\u00e9rience commence par <strong data-start=\"1443\" data-end=\"1494\">Prise en charge priv\u00e9e depuis votre h\u00f4tel au Caire ou \u00e0 Gizeh<\/strong>, suivi d'un trajet panoramique en v\u00e9hicule priv\u00e9 climatis\u00e9 jusqu'\u00e0 la c\u00f4te nord de l'\u00c9gypte.<\/p>\r\n<p data-start=\"1596\" data-end=\"1907\">\u00c0 votre arriv\u00e9e, explorez le c\u00e9l\u00e8bre <strong data-start=\"1631\" data-end=\"1656\">Mus\u00e9e de la guerre d'El Alamein<\/strong>, qui pr\u00e9sente un r\u00e9cit poignant des batailles de la Seconde Guerre mondiale ayant fa\u00e7onn\u00e9 l'histoire mondiale. Continuez vers la <strong data-start=\"1766\" data-end=\"1818\">Cimeti\u00e8res militaires du Commonwealth, allemands et italiens<\/strong>, o\u00f9 des paysages paisibles et d'\u00e9l\u00e9gants monuments comm\u00e9moratifs offrent des moments de r\u00e9flexion et de respect.<\/p>\r\n<p data-start=\"1914\" data-end=\"2070\">Le voyage est enrichi par les r\u00e9flexions d'un <strong data-start=\"1959\" data-end=\"1989\">guide priv\u00e9 professionnel<\/strong>, qui fournit un contexte historique tout en laissant du temps \u00e0 l'exploration personnelle.<\/p>\r\n<p data-start=\"2077\" data-end=\"2233\">Profitez de l'atmosph\u00e8re d\u00e9tendue de <strong data-start=\"2109\" data-end=\"2144\">Le littoral m\u00e9diterran\u00e9en de l'\u00c9gypte<\/strong>, o\u00f9 la brise marine et les horizons ouverts offrent un contraste paisible avec l'\u00e9nergie du Caire.<\/p>\r\n<p data-start=\"2240\" data-end=\"2425\">Cette <strong data-start=\"2245\" data-end=\"2273\">exp\u00e9rience enti\u00e8rement priv\u00e9e<\/strong> Il est con\u00e7u pour les voyageurs qui appr\u00e9cient le confort, la richesse culturelle et les d\u00e9couvertes historiques significatives, avant de regagner confortablement le Caire en soir\u00e9e.<\/p>","protected":false},"excerpt":{"rendered":"<p>Travel in comfort on a private luxury day tour from Cairo to El Alamein, a destination of profound historical significance and serene Mediterranean beauty. Your experience begins with private pickup from your hotel in Cairo or Giza, followed by a scenic drive in an air-conditioned private vehicle to Egypt\u2019s northern coast. Upon arrival, explore the [&hellip;]<\/p>","protected":false},"featured_media":9879,"comment_status":"open","ping_status":"closed","template":"","meta":{"_acf_changed":false,"_joinchat":[]},"product_cat":[74],"product_tag":[68],"class_list":{"0":"post-9663","1":"product","2":"type-product","3":"status-publish","4":"has-post-thumbnail","6":"product_cat-fullday","7":"product_tag-cairo","8":"tm-has-options","10":"first","11":"instock","12":"shipping-taxable","13":"purchasable","14":"product-type-simple"},"acf":[],"_links":{"self":[{"href":"https:\/\/egypt-tourism.com\/fr\/wp-json\/wp\/v2\/product\/9663","targetHints":{"allow":["GET"]}}],"collection":[{"href":"https:\/\/egypt-tourism.com\/fr\/wp-json\/wp\/v2\/product"}],"about":[{"href":"https:\/\/egypt-tourism.com\/fr\/wp-json\/wp\/v2\/types\/product"}],"replies":[{"embeddable":true,"href":"https:\/\/egypt-tourism.com\/fr\/wp-json\/wp\/v2\/comments?post=9663"}],"wp:featuredmedia":[{"embeddable":true,"href":"https:\/\/egypt-tourism.com\/fr\/wp-json\/wp\/v2\/media\/9879"}],"wp:attachment":[{"href":"https:\/\/egypt-tourism.com\/fr\/wp-json\/wp\/v2\/media?parent=9663"}],"wp:term":[{"taxonomy":"product_cat","embeddable":true,"href":"https:\/\/egypt-tourism.com\/fr\/wp-json\/wp\/v2\/product_cat?post=9663"},{"taxonomy":"product_tag","embeddable":true,"href":"https:\/\/egypt-tourism.com\/fr\/wp-json\/wp\/v2\/product_tag?post=9663"}],"curies":[{"name":"wp","href":"https:\/\/api.w.org\/{rel}","templated":true}]}}