{"id":9662,"date":"2024-06-28T01:44:33","date_gmt":"2024-06-28T01:44:33","guid":{"rendered":"https:\/\/egypt-tourism.com\/product\/al-fayoum-day-tour-to-wadi-alrayan-and-lake-qarun\/"},"modified":"2025-12-26T12:11:23","modified_gmt":"2025-12-26T12:11:23","slug":"al-fayoum-day-tour-to-wadi-alrayan-and-lake-qarun","status":"publish","type":"product","link":"https:\/\/egypt-tourism.com\/fr\/product\/al-fayoum-day-tour-to-wadi-alrayan-and-lake-qarun\/","title":{"rendered":"Al Fayoum Journ\u00e9e De Visite De Wadi AlRayan Et Le Lac Qarun"},"content":{"rendered":"<p>Explorez l'oasis du Fayoum, situ\u00e9e \u00e0 80 kilom\u00e8tres au sud du Caire. Cette excursion priv\u00e9e d'une journ\u00e9e vous offrira une exp\u00e9rience unique, loin de l'agitation de la capitale. Vous appr\u00e9cierez la beaut\u00e9 des paysages agricoles et la vie rurale, un v\u00e9ritable havre de paix au Fayoum. Votre premi\u00e8re destination sera le lac Moris, nom donn\u00e9 par les Grecs au lac Qaroun par les Arabes. Ce vaste lac, bien que peu propice \u00e0 la baignade, offre une vue rafra\u00eechissante sur ce lac d\u00e9sertique. Vous pourrez m\u00eame y louer une barque. Le lac est aujourd'hui un important refuge ornithologique o\u00f9 des milliers d'oiseaux migrateurs, dont de nombreux flamants roses, font halte lors de leur migration hivernale. Vous vous rendrez ensuite aux c\u00e9l\u00e8bres chutes d'eau de Wad I El Rayan. Reli\u00e9es au lac de fa\u00e7on spectaculaire, ces chutes d'eau vous charmeront. Votre guide vous accompagnera tout au long de votre visite et vous expliquera l'histoire et la beaut\u00e9 des lieux.<\/p>","protected":false},"excerpt":{"rendered":"<p>Explore the Fayoum oasis, located 80 kilometers south of Cairo. Visitors who choose to take this private day trip will experience a very different feeling away from the capital. You will appreciate the agricultural landscape. Rural life is one of the pleasant experiences of Al Fayoum. Your first destination will be Lake Moris as the [&hellip;]<\/p>","protected":false},"featured_media":9870,"comment_status":"open","ping_status":"closed","template":"","meta":{"_acf_changed":false,"_joinchat":[]},"product_cat":[74],"product_tag":[75],"class_list":{"0":"post-9662","1":"product","2":"type-product","3":"status-publish","4":"has-post-thumbnail","6":"product_cat-fullday","7":"product_tag-fayoum","8":"tm-has-options","10":"first","11":"instock","12":"shipping-taxable","13":"purchasable","14":"product-type-simple"},"acf":[],"_links":{"self":[{"href":"https:\/\/egypt-tourism.com\/fr\/wp-json\/wp\/v2\/product\/9662","targetHints":{"allow":["GET"]}}],"collection":[{"href":"https:\/\/egypt-tourism.com\/fr\/wp-json\/wp\/v2\/product"}],"about":[{"href":"https:\/\/egypt-tourism.com\/fr\/wp-json\/wp\/v2\/types\/product"}],"replies":[{"embeddable":true,"href":"https:\/\/egypt-tourism.com\/fr\/wp-json\/wp\/v2\/comments?post=9662"}],"wp:featuredmedia":[{"embeddable":true,"href":"https:\/\/egypt-tourism.com\/fr\/wp-json\/wp\/v2\/media\/9870"}],"wp:attachment":[{"href":"https:\/\/egypt-tourism.com\/fr\/wp-json\/wp\/v2\/media?parent=9662"}],"wp:term":[{"taxonomy":"product_cat","embeddable":true,"href":"https:\/\/egypt-tourism.com\/fr\/wp-json\/wp\/v2\/product_cat?post=9662"},{"taxonomy":"product_tag","embeddable":true,"href":"https:\/\/egypt-tourism.com\/fr\/wp-json\/wp\/v2\/product_tag?post=9662"}],"curies":[{"name":"wp","href":"https:\/\/api.w.org\/{rel}","templated":true}]}}