{"id":9661,"date":"2024-06-28T01:44:33","date_gmt":"2024-06-28T01:44:33","guid":{"rendered":"https:\/\/egypt-tourism.com\/product\/giza-pyramids-and-sakkara-from-alexandria-city\/"},"modified":"2025-12-28T14:48:21","modified_gmt":"2025-12-28T14:48:21","slug":"giza-pyramids-sakkara-from-alexandria-city","status":"publish","type":"product","link":"https:\/\/egypt-tourism.com\/fr\/product\/giza-pyramids-sakkara-from-alexandria-city\/","title":{"rendered":"Les pyramides de Gizeh, Saqqarah et Memphis vues d'Alexandrie"},"content":{"rendered":"<p>Pyramides de Gizeh depuis Alexandrie : remontez le temps jusqu'\u00e0 l'\u00e9poque de l'\u00c9gypte ancienne lors d'une visite priv\u00e9e des grandes pyramides de Gizeh et du Sphinx et de la n\u00e9cropole de Sakkara et de Memphis. Avec votre propre guide \u00e9gyptologue priv\u00e9 pour vous guider, vous pouvez d\u00e9terminer le temps que vous passerez sur chacun des sites que vous visitez.<\/p><p>Notre repr\u00e9sentant viendra vous chercher \u00e0 votre h\u00f4tel de Alexandria . Vous serez ensuite conduits \u00e0 partir d&#039;Alexandrie au Caire, \u00e0 environ 3 heures sur un v\u00e9hicule climatis\u00e9. Une fois que vous arrivez \u00e0 Gizeh, votre guide \u00c9gyptologue fournira une introduction fascinante pour chacun des trois pyramides: Kh\u00e9ops, Kh\u00e9phren et Menakaure. La visite comprend une visite du Temple de la Vall\u00e9e, qui appartient de la pyramide de Ch\u00e9phren. Vous aurez du temps libre pour entrer dans une des pyramides (en option, \u00e0 un co\u00fbt suppl\u00e9mentaire); cependant, votre guide n&#039;est pas autoris\u00e9 \u00e0 entrer avec vous; ou vous pouvez aller faire un tour de chameau (en option, \u00e0 un co\u00fbt suppl\u00e9mentaire). Vous pouvez \u00e9galement visiter le Mus\u00e9e du Bateau Solaire (en option, \u00e0 un co\u00fbt suppl\u00e9mentaire), la maison de l&#039;remarquablement bien conserv\u00e9 barque fun\u00e9raire de Kh\u00e9ops.<\/p><p>Apr\u00e8s avoir visit\u00e9 les pyramides, vous continuerez \u00e0 travers le plateau, pour une photo \u00e0 l&#039;occasion des trois pyramides de la hausse des sables, avec l&#039;horizon du Caire en arri\u00e8re-plan. Un court trajet en voiture de la ville du c\u00f4t\u00e9 du plateau vous trouve aux pieds du Sphinx, pour des milliers d&#039;ann\u00e9es, le symbole \u00e9nigmatique de l&#039;Egypte! Ensuite, vous aurez le d\u00e9jeuner dans un restaurant local.<\/p><p>Votre prochain arr\u00eat est Sakkara, construite en 2650 avant JC. et abrite la plus ancienne pyramide et l'ancien cimeti\u00e8re d'\u00c9gypte. Votre guide vous racontera un bref historique de la c\u00e9l\u00e8bre pyramide \u00e0 degr\u00e9s du roi Zoser, construite par l'ing\u00e9nieur Imhotep. \u00c0 Sakkara, vous visiterez \u00e9galement l'un des magnifiques Mastabas (chambres fun\u00e9raires) de Ptah Hotep, Idut ou Mereruca. Ensuite, vous visiterez Memphis. Avant de commencer votre voyage de retour \u00e0 Alexandrie, vous vous arr\u00eaterez dans un institut du papyrus o\u00f9 vous aurez l'occasion d'apprendre comment est fabriqu\u00e9 le papier papyrus et d'acheter des souvenirs si vous le souhaitez. Retour \u00e0 votre h\u00f4tel dans la ville d'Alexandrie ou \u00e0 votre bateau de croisi\u00e8re.<\/p>","protected":false},"excerpt":{"rendered":"<p>Step back in time to the days of ancient Egypt on a private tour of the Great Pyramids of Giza and Sphinx and the necropolis of Sakkara and Memphis. With your own private Egyptologist guide to lead the way, you can determine the amount of time you will spend at each of the sites you [&hellip;]<\/p>","protected":false},"featured_media":9866,"comment_status":"open","ping_status":"closed","template":"","meta":{"_acf_changed":false,"_joinchat":[]},"product_cat":[74],"product_tag":[72,70],"class_list":{"0":"post-9661","1":"product","2":"type-product","3":"status-publish","4":"has-post-thumbnail","6":"product_cat-fullday","7":"product_tag-alexandria","8":"product_tag-giza","9":"tm-has-options","11":"first","12":"instock","13":"shipping-taxable","14":"purchasable","15":"product-type-simple"},"acf":[],"_links":{"self":[{"href":"https:\/\/egypt-tourism.com\/fr\/wp-json\/wp\/v2\/product\/9661","targetHints":{"allow":["GET"]}}],"collection":[{"href":"https:\/\/egypt-tourism.com\/fr\/wp-json\/wp\/v2\/product"}],"about":[{"href":"https:\/\/egypt-tourism.com\/fr\/wp-json\/wp\/v2\/types\/product"}],"replies":[{"embeddable":true,"href":"https:\/\/egypt-tourism.com\/fr\/wp-json\/wp\/v2\/comments?post=9661"}],"wp:featuredmedia":[{"embeddable":true,"href":"https:\/\/egypt-tourism.com\/fr\/wp-json\/wp\/v2\/media\/9866"}],"wp:attachment":[{"href":"https:\/\/egypt-tourism.com\/fr\/wp-json\/wp\/v2\/media?parent=9661"}],"wp:term":[{"taxonomy":"product_cat","embeddable":true,"href":"https:\/\/egypt-tourism.com\/fr\/wp-json\/wp\/v2\/product_cat?post=9661"},{"taxonomy":"product_tag","embeddable":true,"href":"https:\/\/egypt-tourism.com\/fr\/wp-json\/wp\/v2\/product_tag?post=9661"}],"curies":[{"name":"wp","href":"https:\/\/api.w.org\/{rel}","templated":true}]}}