{"id":9660,"date":"2024-06-28T01:44:33","date_gmt":"2024-06-28T01:44:33","guid":{"rendered":"https:\/\/egypt-tourism.com\/product\/day-tour-to-wadi-hitan-and-wadi-al-rayan\/"},"modified":"2025-12-28T14:29:15","modified_gmt":"2025-12-28T14:29:15","slug":"day-tour-to-wadi-hitan-and-wadi-al-rayan","status":"publish","type":"product","link":"https:\/\/egypt-tourism.com\/fr\/product\/day-tour-to-wadi-hitan-and-wadi-al-rayan\/","title":{"rendered":"Journ\u00e9e de Visite De Wadi Hitan Et Wadi AL Rayan"},"content":{"rendered":"<p><strong data-start=\"756\" data-end=\"838\">\u00c9chappez \u00e0 la ville pour un voyage priv\u00e9 exclusif \u00e0 la d\u00e9couverte des merveilles naturelles de l'\u00c9gypte.<\/strong> D\u00e9couvrez le Wadi Hitan, class\u00e9 au patrimoine mondial de l'UNESCO, les chutes d'eau du Wadi El Rayan et la beaut\u00e9 sereine du d\u00e9sert du Fayoum, dans le confort et l'\u00e9l\u00e9gance. D\u00e9jeunez dans un restaurant local de l'oasis.<\/p>","protected":false},"excerpt":{"rendered":"<p>Escape the city for an exclusive private journey into Egypt\u2019s natural wonders. Discover the UNESCO-listed Wadi Hitan, the waterfalls of Wadi El Rayan, and the serene beauty of the Fayoum Desert in comfort and style. Have lunch at one of the local restaurant in the oasis.<\/p>","protected":false},"featured_media":9860,"comment_status":"open","ping_status":"closed","template":"","meta":{"_acf_changed":false,"_joinchat":[]},"product_cat":[74],"product_tag":[75],"class_list":{"0":"post-9660","1":"product","2":"type-product","3":"status-publish","4":"has-post-thumbnail","6":"product_cat-fullday","7":"product_tag-fayoum","8":"tm-has-options","10":"first","11":"instock","12":"shipping-taxable","13":"purchasable","14":"product-type-simple"},"acf":[],"_links":{"self":[{"href":"https:\/\/egypt-tourism.com\/fr\/wp-json\/wp\/v2\/product\/9660","targetHints":{"allow":["GET"]}}],"collection":[{"href":"https:\/\/egypt-tourism.com\/fr\/wp-json\/wp\/v2\/product"}],"about":[{"href":"https:\/\/egypt-tourism.com\/fr\/wp-json\/wp\/v2\/types\/product"}],"replies":[{"embeddable":true,"href":"https:\/\/egypt-tourism.com\/fr\/wp-json\/wp\/v2\/comments?post=9660"}],"wp:featuredmedia":[{"embeddable":true,"href":"https:\/\/egypt-tourism.com\/fr\/wp-json\/wp\/v2\/media\/9860"}],"wp:attachment":[{"href":"https:\/\/egypt-tourism.com\/fr\/wp-json\/wp\/v2\/media?parent=9660"}],"wp:term":[{"taxonomy":"product_cat","embeddable":true,"href":"https:\/\/egypt-tourism.com\/fr\/wp-json\/wp\/v2\/product_cat?post=9660"},{"taxonomy":"product_tag","embeddable":true,"href":"https:\/\/egypt-tourism.com\/fr\/wp-json\/wp\/v2\/product_tag?post=9660"}],"curies":[{"name":"wp","href":"https:\/\/api.w.org\/{rel}","templated":true}]}}