{"id":9659,"date":"2024-06-28T01:44:32","date_gmt":"2024-06-28T01:44:32","guid":{"rendered":"https:\/\/egypt-tourism.com\/product\/islamic-cairo-tour-to-islamic-museum-and-famous-mosques\/"},"modified":"2024-07-05T13:11:47","modified_gmt":"2024-07-05T13:11:47","slug":"islamic-cairo-tour-to-islamic-museum-and-famous-mosques","status":"publish","type":"product","link":"https:\/\/egypt-tourism.com\/fr\/product\/islamic-cairo-tour-to-islamic-museum-and-famous-mosques\/","title":{"rendered":"Le Caire Islamique, Visite De Mus\u00e9e Islamique Et C\u00e9l\u00e8bres Mosqu\u00e9es"},"content":{"rendered":"<p>Commencez votre visite par la rencontre de votre guide \u00c9gyptologue et en voiture du mus\u00e9e d&#039;art Islamique. Cette visite permettra d&#039;enrichir vos connaissances sur les diff\u00e9rents types de monuments Islamiques. Les mat\u00e9riaux utilis\u00e9s dans la fabrication de ces artefacts. Le mus\u00e9e se compose d&#039;un \u00e9tage et affiche des milliers de Morceaux qui refl\u00e8tent arts au cours des diff\u00e9rentes dynasties. Le prochain arr\u00eat sera \u00e0 la citadelle de Saladin et la mosqu\u00e9e d&#039;Alb\u00e2tre. Voiture de la vieille section du Caire o\u00f9 vous allez passer par la montagne la plus haute au Caire. Le fort de Saladin a \u00e9t\u00e9 construit sur une falaise de ce montage pour la protection de la ville contre les Crois\u00e9s.<\/p><p>En 1830, Mohamed Ali, a fait construire la Mosqu\u00e9e d&#039;Alb\u00e2tre \u00e0 l&#039;int\u00e9rieur de la citadelle de Saladin. Elle est appel\u00e9e la mosqu\u00e9e d&#039;Alb\u00e2tre que les murs sont recouverts avec de belles couches de l&#039;alb\u00e2tre. Vous allez \u00e0 l&#039;int\u00e9rieur de la mosqu\u00e9e pour voir de ses principales composantes et d&#039;en apprendre sur la Islamique piliers. A c\u00f4t\u00e9 de son \u00e9norme taille et d&#039;une beaut\u00e9 exquise, un des plus beaux \u00e9l\u00e9ments de cette mosqu\u00e9e est qu&#039;il a deux identiques slim minarets, de haut recouverte de plomb comme la mosqu\u00e9e de d\u00f4mes et de demi-coupoles. Profitez de la vue panoramique de la ville, de la mosqu\u00e9e, o\u00f9 vous pouvez voir les pyramides de Gizeh, dans les jours clairs.<\/p><p>Une autre belle mosqu\u00e9e vaut la peine de visiter, de la mosqu\u00e9e d&#039;Ibn Touloun (866-869) est bien conserv\u00e9 avec un tour unique. Visitez le mus\u00e9e Gayer Anderson \u00e0 l&#039;int\u00e9rieur des murs de la mosqu\u00e9e.<\/p><p>Lorsque la tourn\u00e9e est termin\u00e9e, vous serez transf\u00e9r\u00e9 \u00e0 votre h\u00f4tel.<\/p>","protected":false},"excerpt":{"rendered":"<p>Start your tour by meeting your Egyptologist guide and drive to the museum of Islamic art. This visit will enrich your knowledge about the different types of Islamic monuments. The materials used in making those artifacts. The museum consists of one floor and displays thousands of Pieces that reflect arts during the different dynasties. The [&hellip;]<\/p>","protected":false},"featured_media":10003,"comment_status":"open","ping_status":"closed","template":"","meta":{"_acf_changed":false,"_joinchat":[]},"product_cat":[74],"product_tag":[68],"class_list":{"0":"post-9659","1":"product","2":"type-product","3":"status-publish","4":"has-post-thumbnail","6":"product_cat-fullday","7":"product_tag-cairo","8":"tm-has-options","10":"first","11":"instock","12":"shipping-taxable","13":"purchasable","14":"product-type-simple"},"acf":[],"_links":{"self":[{"href":"https:\/\/egypt-tourism.com\/fr\/wp-json\/wp\/v2\/product\/9659","targetHints":{"allow":["GET"]}}],"collection":[{"href":"https:\/\/egypt-tourism.com\/fr\/wp-json\/wp\/v2\/product"}],"about":[{"href":"https:\/\/egypt-tourism.com\/fr\/wp-json\/wp\/v2\/types\/product"}],"replies":[{"embeddable":true,"href":"https:\/\/egypt-tourism.com\/fr\/wp-json\/wp\/v2\/comments?post=9659"}],"wp:featuredmedia":[{"embeddable":true,"href":"https:\/\/egypt-tourism.com\/fr\/wp-json\/wp\/v2\/media\/10003"}],"wp:attachment":[{"href":"https:\/\/egypt-tourism.com\/fr\/wp-json\/wp\/v2\/media?parent=9659"}],"wp:term":[{"taxonomy":"product_cat","embeddable":true,"href":"https:\/\/egypt-tourism.com\/fr\/wp-json\/wp\/v2\/product_cat?post=9659"},{"taxonomy":"product_tag","embeddable":true,"href":"https:\/\/egypt-tourism.com\/fr\/wp-json\/wp\/v2\/product_tag?post=9659"}],"curies":[{"name":"wp","href":"https:\/\/api.w.org\/{rel}","templated":true}]}}