{"id":9658,"date":"2024-06-28T01:44:32","date_gmt":"2024-06-28T01:44:32","guid":{"rendered":"https:\/\/egypt-tourism.com\/product\/trip-to-mokkatam-mountain-caved-church\/"},"modified":"2024-06-30T02:15:01","modified_gmt":"2024-06-30T02:15:01","slug":"trip-to-mokkatam-mountain-caved-church","status":"publish","type":"product","link":"https:\/\/egypt-tourism.com\/fr\/product\/trip-to-mokkatam-mountain-caved-church\/","title":{"rendered":"Voyage \u00c0 Mokkatam Montagne Creuse \u00c9glise"},"content":{"rendered":"<p>vous rencontrerez votre guide dans le hall de votre h\u00f4tel,votre guide vous emm\u00e8nera d&#039;abord visiter le monast\u00e8re de Saint-Simon le Tanneur, qui est situ\u00e9 \u00e0 l&#039;int\u00e9rieur de la montagne. Le monast\u00e8re se compose de sept \u00e9glises; ils sont tous sculpt\u00e9s \u00e0 l&#039;int\u00e9rieur de la montagne. Votre guide vous donnera une introduction sur le Christianisme de l&#039;\u00c9gypte. Comment le Christianisme a commenc\u00e9 en Egypte et quel est le sens de l&#039;\u00e9glise Copte orthodoxe d&#039;\u00c9gypte. Votre guide vous expliquera comment ils sculpt\u00e9 de l&#039;\u00e9glise, comment \u00e9tait-El Mokattam de Montagne a \u00e9t\u00e9 d\u00e9plac\u00e9 de la au nord du Caire, au centre, profiter d&#039;un peu de temps libre \u00e0 l&#039;int\u00e9rieur de l&#039;\u00e9glise. Vous aurez \u00e9galement la chance d&#039;obtenir quelques photos de la montagne.ensuite, vous obtiendrez de retour par l&#039;h\u00f4tel<\/p>","protected":false},"excerpt":{"rendered":"<p>you will meet your guide in the lobby of your hotel,your guide will take first to visit the monastery of Saint Simon the Tanner which is located inside the mountain. The monastery consists of seven churches; all of them are carved inside the mountain. Your guide will give you an introduction about the Christianity of [&hellip;]<\/p>","protected":false},"featured_media":9773,"comment_status":"open","ping_status":"closed","template":"","meta":{"_acf_changed":false,"_joinchat":[]},"product_cat":[73],"product_tag":[67,71],"class_list":{"0":"post-9658","1":"product","2":"type-product","3":"status-publish","4":"has-post-thumbnail","6":"product_cat-halfday","7":"product_tag-minya","8":"product_tag-saint-catherine","9":"tm-has-options","11":"first","12":"instock","13":"shipping-taxable","14":"purchasable","15":"product-type-simple"},"acf":[],"_links":{"self":[{"href":"https:\/\/egypt-tourism.com\/fr\/wp-json\/wp\/v2\/product\/9658","targetHints":{"allow":["GET"]}}],"collection":[{"href":"https:\/\/egypt-tourism.com\/fr\/wp-json\/wp\/v2\/product"}],"about":[{"href":"https:\/\/egypt-tourism.com\/fr\/wp-json\/wp\/v2\/types\/product"}],"replies":[{"embeddable":true,"href":"https:\/\/egypt-tourism.com\/fr\/wp-json\/wp\/v2\/comments?post=9658"}],"wp:featuredmedia":[{"embeddable":true,"href":"https:\/\/egypt-tourism.com\/fr\/wp-json\/wp\/v2\/media\/9773"}],"wp:attachment":[{"href":"https:\/\/egypt-tourism.com\/fr\/wp-json\/wp\/v2\/media?parent=9658"}],"wp:term":[{"taxonomy":"product_cat","embeddable":true,"href":"https:\/\/egypt-tourism.com\/fr\/wp-json\/wp\/v2\/product_cat?post=9658"},{"taxonomy":"product_tag","embeddable":true,"href":"https:\/\/egypt-tourism.com\/fr\/wp-json\/wp\/v2\/product_tag?post=9658"}],"curies":[{"name":"wp","href":"https:\/\/api.w.org\/{rel}","templated":true}]}}