{"id":9657,"date":"2024-06-28T01:44:32","date_gmt":"2024-06-28T01:44:32","guid":{"rendered":"https:\/\/egypt-tourism.com\/product\/islamic-and-coptic-cairo-the-most-monuments\/"},"modified":"2024-06-28T22:29:55","modified_gmt":"2024-06-28T22:29:55","slug":"islamic-and-coptic-cairo-the-most-monuments","status":"publish","type":"product","link":"https:\/\/egypt-tourism.com\/fr\/product\/islamic-and-coptic-cairo-the-most-monuments\/","title":{"rendered":"Islamique Et Copte Du Caire, La Plupart Des Monuments"},"content":{"rendered":"<p>R\u00e9pondre \u00e0 vos \u00c9gyptologue qui vous m\u00e8nera \u00e0 une visite int\u00e9ressante. Commencez votre visite de visite du vieux Caire, o\u00f9 vous pouvez voir de nombreuses \u00e9glises, notamment l&#039;\u00c9glise Suspendue, qui a \u00e9t\u00e9 construit au-dessus de la Tour Romaine, ainsi que l&#039;Abu Serga de l&#039;\u00c9glise, o\u00f9 vous pourrez explorer les cryptes que la sainte famille est rest\u00e9 \u00e0 l&#039;int\u00e9rieur pendant 3 mois, et Saint-Georges de l&#039;\u00c9glise, un romain de l&#039;\u00e9glise orthodoxe. La deuxi\u00e8me partie de la journ\u00e9e sera d&#039;explorer le Caire Islamique, o\u00f9 vous pourrez visiter la premi\u00e8re mosqu\u00e9e de l&#039;Egypte Amr Abn El Comme la mosqu\u00e9e, ainsi que le meilleur de la mosqu\u00e9e de Mohamed Ali Pash, appel\u00e9e Mosqu\u00e9e d&#039;Alb\u00e2tre, qui est similaire \u00e0 la Mosqu\u00e9e Bleue en Turquie. Apr\u00e8s cela, vous pourrez proc\u00e9der \u00e0 la mosqu\u00e9e d&#039;Ibn Touloun, qui est la plus ancienne mosqu\u00e9e stil intacte en Egypte. Prenez votre d\u00e9jeuner dans un restaurant local puis vous serez guid\u00e9 vers votre h\u00f4tel.<\/p>","protected":false},"excerpt":{"rendered":"<p>Meet your Egyptologist who will take you to an interesting tour. Start your tour to visit the old Cairo where you can see many churches, especially the Hanging Church, which was built above the Roman Tower, as well as the Abu Serga Church, where you can explore the crypt that the holy family stayed inside [&hellip;]<\/p>","protected":false},"featured_media":376,"comment_status":"open","ping_status":"closed","template":"","meta":{"_acf_changed":false,"_joinchat":[]},"product_cat":[73],"product_tag":[68],"class_list":{"0":"post-9657","1":"product","2":"type-product","3":"status-publish","4":"has-post-thumbnail","6":"product_cat-halfday","7":"product_tag-cairo","8":"tm-has-options","10":"first","11":"instock","12":"shipping-taxable","13":"purchasable","14":"product-type-simple"},"acf":[],"_links":{"self":[{"href":"https:\/\/egypt-tourism.com\/fr\/wp-json\/wp\/v2\/product\/9657","targetHints":{"allow":["GET"]}}],"collection":[{"href":"https:\/\/egypt-tourism.com\/fr\/wp-json\/wp\/v2\/product"}],"about":[{"href":"https:\/\/egypt-tourism.com\/fr\/wp-json\/wp\/v2\/types\/product"}],"replies":[{"embeddable":true,"href":"https:\/\/egypt-tourism.com\/fr\/wp-json\/wp\/v2\/comments?post=9657"}],"wp:featuredmedia":[{"embeddable":true,"href":"https:\/\/egypt-tourism.com\/fr\/wp-json\/wp\/v2\/media\/376"}],"wp:attachment":[{"href":"https:\/\/egypt-tourism.com\/fr\/wp-json\/wp\/v2\/media?parent=9657"}],"wp:term":[{"taxonomy":"product_cat","embeddable":true,"href":"https:\/\/egypt-tourism.com\/fr\/wp-json\/wp\/v2\/product_cat?post=9657"},{"taxonomy":"product_tag","embeddable":true,"href":"https:\/\/egypt-tourism.com\/fr\/wp-json\/wp\/v2\/product_tag?post=9657"}],"curies":[{"name":"wp","href":"https:\/\/api.w.org\/{rel}","templated":true}]}}