{"id":9656,"date":"2024-06-28T01:44:32","date_gmt":"2024-06-28T01:44:32","guid":{"rendered":"https:\/\/egypt-tourism.com\/product\/half-day-holy-family-route-in-cairo\/"},"modified":"2024-06-28T22:34:35","modified_gmt":"2024-06-28T22:34:35","slug":"half-day-holy-family-route-in-cairo","status":"publish","type":"product","link":"https:\/\/egypt-tourism.com\/fr\/product\/half-day-holy-family-route-in-cairo\/","title":{"rendered":"Demi-Journ\u00e9e De La Sainte Famille De Route Du Caire"},"content":{"rendered":"<p>L&#039;arbre de la Vierge Marie dans Matareya, l&#039;\u00e9glise de la Vierge Marie dans Musturud,de la forteresse Romaine de Babylone,la Pendaison, l&#039;\u00e9glise de Abuserga avec le Saint-Crypte, la Synagogue de Ben Ezra, le mus\u00e9e Copte et l&#039;\u00e9glise de la vierge Marie dans Maadi. Dans le domaine de Matareya (El-Mataria,el-Matariya ou Matareya) au Caire, se dresse la Vierge Marie de l&#039;Arbre qui est un vieux sycomore. Cet arbre a fourni des abris pour la Sainte Famille pendant leur s\u00e9jour en Egypte. Cet arbre a \u00e9t\u00e9 une destination pour les p\u00e8lerins pendant de nombreux si\u00e8cles. Le pr\u00e9sent arbre a grandi \u00e0 partir d&#039;un shoot plant\u00e9 \u00e0 la place de l&#039;arbre d&#039;origine, mais la tradition de l&#039;arbre continue \u00e0 vivre. L&#039;arbre d&#039;origine miraculeusement ouvert pour donner refuge pour la Sainte Famille de deux brigands de les poursuivre \u00e0 l&#039;\u00e9poque.\u00c0 l&#039;endroit m\u00eame de l&#039;enfant-J\u00e9sus a cr\u00e9\u00e9 un welland la Sainte Vierge Marie a utilis\u00e9 son de l&#039;eau pour se baigner J\u00e9sus, aussi baumier plante a grandi. Musturud a l&#039;\u00e9glise de la Vierge Marie, l&#039;un des lieux de refuge pour la Sainte Famille en \u00c9gypte. Il a encore de la grotte et le bien de la Sainte Famille. Vue sur le Nil en Maadi est une \u00e9glise de la Vierge Marie qui a \u00e9t\u00e9 construite \u00e0 l&#039;endroit o\u00f9 la Sainte Famille a travers\u00e9 le Nil \u00e0 l&#039;ouest de la banque de Gizeh. en 1976, une bible a \u00e9t\u00e9 port\u00e9 par l&#039;eau du Nil \u00e0 la banque au-dessous de l&#039;\u00e9glise. Il a \u00e9t\u00e9 ouvert \u00e0 la page de Isiah 19:25 d\u00e9clarant, \u201cB\u00e9nis soient l&#039;\u00c9gypte, Mon Peuple\u201d. il est aujourd&#039;hui conserv\u00e9 dans une bo\u00eete de verre \u00e0 l&#039;int\u00e9rieur de l&#039;\u00e9glise. Le domaine du vieux Caire, o\u00f9 vous pourrez voir les vestiges de la forteresse Romaine de Babylone(1er si\u00e8cle), et visite de la tenture de l&#039;\u00e9glise de la Vierge Marie(3e si\u00e8cle), construit sur la tour de la forteresse, l&#039;\u00e9glise d&#039;Abou Serga(Saint Sergio)(5e si\u00e8cle) \u00e0 Saint Crypte, o\u00f9 la Sainte Famille est rest\u00e9e pendant 6 mois et la Synagogue de Ben Ezra(9e si\u00e8cle).<\/p>","protected":false},"excerpt":{"rendered":"<p>The tree of Virgin Mary in Matareya, the church of Virgin Mary in Musturud,Roman fortress of Babylon,Hanging church, Church of Abuserga with the Holy Crypt, the Synagogue of Ben Ezra, the Coptic museum and the church of virgin Mary in Maadi. In the area of Matareya (El-Mataria,el-Matariya or Matareya) in Cairo stands the Virgin Mary&#8217;s [&hellip;]<\/p>","protected":false},"featured_media":380,"comment_status":"open","ping_status":"closed","template":"","meta":{"_acf_changed":false,"_joinchat":[]},"product_cat":[73],"product_tag":[68],"class_list":{"0":"post-9656","1":"product","2":"type-product","3":"status-publish","4":"has-post-thumbnail","6":"product_cat-halfday","7":"product_tag-cairo","8":"tm-has-options","10":"first","11":"instock","12":"shipping-taxable","13":"purchasable","14":"product-type-simple"},"acf":[],"_links":{"self":[{"href":"https:\/\/egypt-tourism.com\/fr\/wp-json\/wp\/v2\/product\/9656","targetHints":{"allow":["GET"]}}],"collection":[{"href":"https:\/\/egypt-tourism.com\/fr\/wp-json\/wp\/v2\/product"}],"about":[{"href":"https:\/\/egypt-tourism.com\/fr\/wp-json\/wp\/v2\/types\/product"}],"replies":[{"embeddable":true,"href":"https:\/\/egypt-tourism.com\/fr\/wp-json\/wp\/v2\/comments?post=9656"}],"wp:featuredmedia":[{"embeddable":true,"href":"https:\/\/egypt-tourism.com\/fr\/wp-json\/wp\/v2\/media\/380"}],"wp:attachment":[{"href":"https:\/\/egypt-tourism.com\/fr\/wp-json\/wp\/v2\/media?parent=9656"}],"wp:term":[{"taxonomy":"product_cat","embeddable":true,"href":"https:\/\/egypt-tourism.com\/fr\/wp-json\/wp\/v2\/product_cat?post=9656"},{"taxonomy":"product_tag","embeddable":true,"href":"https:\/\/egypt-tourism.com\/fr\/wp-json\/wp\/v2\/product_tag?post=9656"}],"curies":[{"name":"wp","href":"https:\/\/api.w.org\/{rel}","templated":true}]}}