{"id":9655,"date":"2024-06-28T01:44:32","date_gmt":"2024-06-28T01:44:32","guid":{"rendered":"https:\/\/egypt-tourism.com\/product\/famous-mosques-of-cairo-day-tour\/"},"modified":"2024-06-28T22:40:31","modified_gmt":"2024-06-28T22:40:31","slug":"famous-mosques-of-cairo-day-tour","status":"publish","type":"product","link":"https:\/\/egypt-tourism.com\/fr\/product\/famous-mosques-of-cairo-day-tour\/","title":{"rendered":"Famous Mosques Of Cairo Half Day Tour"},"content":{"rendered":"<p>Apr\u00e8s avoir rencontr\u00e9 votre guide \u00e0 l&#039;h\u00f4tel, vous pourrez commencer votre visite de la mosqu\u00e9e de Mohamed Ali, \u00e9galement connu comme la mosqu\u00e9e d&#039;Alb\u00e2tre. En 1830, Mohamed Ali, le roi d&#039;Egypte a ordonn\u00e9 de construire la Mosqu\u00e9e d&#039;Alb\u00e2tre \u00e0 l&#039;int\u00e9rieur de la citadelle. Vous allez \u00e0 l&#039;int\u00e9rieur de la mosqu\u00e9e pour voir de ses principales composantes et d&#039;en apprendre sur la Islamique piliers. A c\u00f4t\u00e9 de son \u00e9norme taille et d&#039;une beaut\u00e9 exquise, un des plus beaux \u00e9l\u00e9ments de cette mosqu\u00e9e est qu&#039;il a deux identiques slim minarets, de haut recouverte de plomb comme la mosqu\u00e9e de d\u00f4mes et de demi-coupoles. Profitez de la vue panoramique de la ville, de la mosqu\u00e9e, o\u00f9 vous pouvez voir les pyramides de Gizeh, dans les jours clairs. Une autre belle mosqu\u00e9e vaut la peine de visiter, de la mosqu\u00e9e d&#039;Ibn Touloun(866-869).C&#039;est la plus pr\u00e9serv\u00e9e de l&#039;un au Caire. La mosqu\u00e9e a des caract\u00e9ristiques uniques de la tour. Il est l&#039;un des types d&#039;\u00c9gypte o\u00f9 l&#039;escalier est \u00e0 l&#039;ext\u00e9rieur de la tour. Vous pourrez \u00e9galement visiter le mus\u00e9e Gayer Anderson \u00e0 l&#039;int\u00e9rieur des murs de la mosqu\u00e9e. La prochaine \u00e9tape sera de Sultan Hassan mosqu\u00e9e et Madrasa qui remonte au 14\u00e8me Si\u00e8cle. C&#039;est une mosqu\u00e9e unique, avec ses grands arcs, belle multi-chromatique d&#039;un sol en marbre et d&#039;un style unique. Lorsque la visite se termine, vous allez revenir \u00e0 l&#039;h\u00f4tel.<\/p><p><a href=\"https:\/\/www.egyptturism.com\/contact.php\" target=\"_blank\" rel=\"noreferrer noopener\">R\u00e9server Et Payer \u00c0 L&#039;Arriv\u00e9e<\/a><\/p>","protected":false},"excerpt":{"rendered":"<p>After meeting your tour guide at the hotel, you will start your tour with the mosque of Mohamed Ali, known also as the Alabaster mosque. In 1830, Mohamed Ali, the king of Egypt ordered to build the Alabaster Mosque inside the citadel. You will go inside the mosque to see its main components and learn [&hellip;]<\/p>","protected":false},"featured_media":384,"comment_status":"open","ping_status":"closed","template":"","meta":{"_acf_changed":false,"_joinchat":[]},"product_cat":[73],"product_tag":[68],"class_list":{"0":"post-9655","1":"product","2":"type-product","3":"status-publish","4":"has-post-thumbnail","6":"product_cat-halfday","7":"product_tag-cairo","8":"tm-has-options","10":"first","11":"instock","12":"shipping-taxable","13":"purchasable","14":"product-type-simple"},"acf":[],"_links":{"self":[{"href":"https:\/\/egypt-tourism.com\/fr\/wp-json\/wp\/v2\/product\/9655","targetHints":{"allow":["GET"]}}],"collection":[{"href":"https:\/\/egypt-tourism.com\/fr\/wp-json\/wp\/v2\/product"}],"about":[{"href":"https:\/\/egypt-tourism.com\/fr\/wp-json\/wp\/v2\/types\/product"}],"replies":[{"embeddable":true,"href":"https:\/\/egypt-tourism.com\/fr\/wp-json\/wp\/v2\/comments?post=9655"}],"wp:featuredmedia":[{"embeddable":true,"href":"https:\/\/egypt-tourism.com\/fr\/wp-json\/wp\/v2\/media\/384"}],"wp:attachment":[{"href":"https:\/\/egypt-tourism.com\/fr\/wp-json\/wp\/v2\/media?parent=9655"}],"wp:term":[{"taxonomy":"product_cat","embeddable":true,"href":"https:\/\/egypt-tourism.com\/fr\/wp-json\/wp\/v2\/product_cat?post=9655"},{"taxonomy":"product_tag","embeddable":true,"href":"https:\/\/egypt-tourism.com\/fr\/wp-json\/wp\/v2\/product_tag?post=9655"}],"curies":[{"name":"wp","href":"https:\/\/api.w.org\/{rel}","templated":true}]}}