{"id":9644,"date":"2024-06-28T01:44:32","date_gmt":"2024-06-28T01:44:32","guid":{"rendered":"https:\/\/egypt-tourism.com\/product\/al-tanoura-folklore-dance-show-night-tour\/"},"modified":"2024-06-28T21:56:37","modified_gmt":"2024-06-28T21:56:37","slug":"al-tanoura-folklore-dance-show-night-tour","status":"publish","type":"product","link":"https:\/\/egypt-tourism.com\/fr\/product\/al-tanoura-folklore-dance-show-night-tour\/","title":{"rendered":"Al Tanoura Folklore Spectacle De Danse Tour De Nuit"},"content":{"rendered":"<p>Le Tanoura danse est ex\u00e9cut\u00e9e par des Soufis hommes,Darawish.La danse est similaire pour le Soufi, tournoyant dans le Levant et en Turquie.Dans ce spectacle,les hommes portent de longues jupes color\u00e9es, o\u00f9 chaque couleur sur la jupe repr\u00e9sente un ordre Soufi. Notre repr\u00e9sentant vous accueillera \u00e0 l&#039;h\u00f4tel \u00e0 l&#039;heure.Vous prendrez la route pour la r\u00e9gion de Khan El-Khalili, o\u00f9 le spectacle sera effectu\u00e9e.Tannura est une sorte de danse qui est connect\u00e9 \u00e0 les Derviches tourneurs qui sont \u00e0 l&#039;origine d&#039;effectuer religieux de chant et de danse.Le spectacle commence avec des musiciens jouant des airs traditionnels sur Nay(fl\u00fbte),Rababa(luth instrument jou\u00e9 avec un archet) et de la percussion, puis, introduits par des chants religieux, le premier solo Tannoura danseur, avec sa robe verte et des rayures de la robe de la prend sur la sc\u00e8ne et commence tourbillonnant. Et il tourbillons et des tourbillons en continu, accompagn\u00e9 par une m\u00e9lodie ravissante, pendant environ 20 minutes. Le spectacle se d\u00e9roule avec une autre session de musique jou\u00e9e par un groupe de joueurs sur Nay(fl\u00fbte) et autres bois instruments avant de les trois autres danseurs entrent en sc\u00e8ne et de commencer une autre \u00e9tonnante danse avec les diff\u00e9rentes figures destin\u00e9e \u00e0 montrer leur talent et de l&#039;endurance.C&#039;est un merveilleux spectacle, vous pourrez profiter de l&#039;aper\u00e7u de la \u00c9gyptiennes de talent et de culture.Apr\u00e8s la fin du spectacle,vous serez ramen\u00e9 \u00e0 l&#039;h\u00f4tel. L&#039;endroit o\u00f9 vous allez assister au spectacle est tr\u00e8s impressionnant.Il est appel\u00e9 Wikalet Al Ghory.Construit en 1504 A. D. par le Sultan Qunsuwah Al Ghouri, Wakalat El-Ghouri a \u00e9t\u00e9 con\u00e7u \u00e0 l&#039;origine comme une auberge pour accueillir les commer\u00e7ants venant de toutes les r\u00e9gions du globe, ainsi que d&#039;une place de march\u00e9 pour le commerce de marchandises et un lieu pour faire des affaires. Le b\u00e2timent est compos\u00e9 de quatre \u00e9tages,chacun compos\u00e9 de 28 chambres avec des plafonds vo\u00fbt\u00e9s, donnant sur une forme rectangulaire de la cour avec une fontaine en mosa\u00efque dans le milieu. En tant que tel, Wakalat El-Ghouri toujours se distingue comme l&#039;un de la plus haute et la plus durable des monuments Islamiques restants. C&#039;est \u00e0 juste titre refl\u00e8te un sommet de l&#039;harmonie et de sym\u00e9trie, en termes \u00e0 la fois de l&#039;architecture Islamique et la fonctionnalit\u00e9 pratique.<\/p>","protected":false},"excerpt":{"rendered":"<p>The Tanoura dance is performed by Sufi men,Darawish.The dance is similar to the Sufi whirling in Levant and Turkey.In this show,the men wear long colorful skirts, where each color on the skirt represents one Sufi order. Our representative will meet you at the hotel on time.You will drive to the area of Khan El Khalili [&hellip;]<\/p>","protected":false},"featured_media":441,"comment_status":"open","ping_status":"closed","template":"","meta":{"_acf_changed":false,"_joinchat":[]},"product_cat":[66],"product_tag":[68],"class_list":{"0":"post-9644","1":"product","2":"type-product","3":"status-publish","4":"has-post-thumbnail","6":"product_cat-nile-cruise-tours","7":"product_tag-cairo","8":"tm-has-options","10":"first","11":"instock","12":"shipping-taxable","13":"purchasable","14":"product-type-simple"},"acf":[],"_links":{"self":[{"href":"https:\/\/egypt-tourism.com\/fr\/wp-json\/wp\/v2\/product\/9644","targetHints":{"allow":["GET"]}}],"collection":[{"href":"https:\/\/egypt-tourism.com\/fr\/wp-json\/wp\/v2\/product"}],"about":[{"href":"https:\/\/egypt-tourism.com\/fr\/wp-json\/wp\/v2\/types\/product"}],"replies":[{"embeddable":true,"href":"https:\/\/egypt-tourism.com\/fr\/wp-json\/wp\/v2\/comments?post=9644"}],"wp:featuredmedia":[{"embeddable":true,"href":"https:\/\/egypt-tourism.com\/fr\/wp-json\/wp\/v2\/media\/441"}],"wp:attachment":[{"href":"https:\/\/egypt-tourism.com\/fr\/wp-json\/wp\/v2\/media?parent=9644"}],"wp:term":[{"taxonomy":"product_cat","embeddable":true,"href":"https:\/\/egypt-tourism.com\/fr\/wp-json\/wp\/v2\/product_cat?post=9644"},{"taxonomy":"product_tag","embeddable":true,"href":"https:\/\/egypt-tourism.com\/fr\/wp-json\/wp\/v2\/product_tag?post=9644"}],"curies":[{"name":"wp","href":"https:\/\/api.w.org\/{rel}","templated":true}]}}