{"id":10172,"date":"2025-12-28T10:06:35","date_gmt":"2025-12-28T10:06:35","guid":{"rendered":"https:\/\/egypt-tourism.com\/?post_type=product&#038;p=10172"},"modified":"2025-12-28T10:52:51","modified_gmt":"2025-12-28T10:52:51","slug":"giza-pyramids-and-the-new-grand-museum-of-egypt-gem-from-alexandria-city","status":"publish","type":"product","link":"https:\/\/egypt-tourism.com\/fr\/product\/giza-pyramids-and-the-new-grand-museum-of-egypt-gem-from-alexandria-city\/","title":{"rendered":"Les pyramides de Gizeh et le nouveau Grand Mus\u00e9e d'\u00c9gypte, joyau de la ville d'Alexandrie"},"content":{"rendered":"<p data-start=\"976\" data-end=\"1120\"><strong data-start=\"976\" data-end=\"1044\">Profitez d'un voyage priv\u00e9 et luxueux sans encombre d'Alexandrie au Caire.<\/strong>, con\u00e7u pour les voyageurs en qu\u00eate de confort, d'exclusivit\u00e9 et de richesse culturelle.<\/p>\r\n<p data-start=\"1127\" data-end=\"1333\">Votre exp\u00e9rience commence par <strong data-start=\"1155\" data-end=\"1238\">Prise en charge priv\u00e9e directement depuis votre h\u00f4tel \u00e0 Alexandrie ou depuis le port de croisi\u00e8re<\/strong>, o\u00f9 votre chauffeur professionnel et votre v\u00e9hicule priv\u00e9 climatis\u00e9 vous attendront.<\/p>\r\n<p data-start=\"1340\" data-end=\"1550\">Voyagez confortablement jusqu'au Caire, o\u00f9 vous explorerez le l\u00e9gendaire <strong data-start=\"1405\" data-end=\"1437\">Les pyramides de Gizeh et le Sphinx<\/strong>, guid\u00e9 par un <strong data-start=\"1451\" data-end=\"1483\">\u00e9gyptologue expert agr\u00e9\u00e9<\/strong> qui donne vie \u00e0 l'histoire ancienne gr\u00e2ce \u00e0 des r\u00e9cits perspicaces.<\/p>\r\n<p data-start=\"1557\" data-end=\"1745\">Poursuivez votre voyage au spectaculaire <strong data-start=\"1598\" data-end=\"1629\">Grand Mus\u00e9e \u00e9gyptien<\/strong>, le plus grand mus\u00e9e arch\u00e9ologique du monde, pr\u00e9sentant les plus grands tr\u00e9sors d\u2019\u00c9gypte dans un cadre moderne et immersif.<\/p>\r\n<p data-start=\"1752\" data-end=\"1943\">Tout au long de la journ\u00e9e, profitez d'un <strong data-start=\"1780\" data-end=\"1808\">exp\u00e9rience enti\u00e8rement priv\u00e9e<\/strong>Un rythme flexible et une attention personnalis\u00e9e garantissent une aventure culturelle inoubliable avant un retour confortable \u00e0 Alexandrie.<\/p>","protected":false},"excerpt":{"rendered":"<p>Enjoy a seamless private luxury journey from Alexandria to Cairo, designed for travelers seeking comfort, exclusivity, and cultural depth. Your experience begins with private pickup directly from your Alexandria hotel or from the cruise ship port, where your professional driver and air-conditioned private vehicle will be waiting for you. Travel in comfort to Cairo, where [&hellip;]<\/p>","protected":false},"featured_media":10177,"comment_status":"open","ping_status":"closed","template":"","meta":{"_acf_changed":false,"_joinchat":[]},"product_cat":[74],"product_tag":[72,70],"class_list":{"0":"post-10172","1":"product","2":"type-product","3":"status-publish","4":"has-post-thumbnail","6":"product_cat-fullday","7":"product_tag-alexandria","8":"product_tag-giza","9":"tm-has-options","11":"first","12":"instock","13":"shipping-taxable","14":"purchasable","15":"product-type-simple"},"acf":[],"_links":{"self":[{"href":"https:\/\/egypt-tourism.com\/fr\/wp-json\/wp\/v2\/product\/10172","targetHints":{"allow":["GET"]}}],"collection":[{"href":"https:\/\/egypt-tourism.com\/fr\/wp-json\/wp\/v2\/product"}],"about":[{"href":"https:\/\/egypt-tourism.com\/fr\/wp-json\/wp\/v2\/types\/product"}],"replies":[{"embeddable":true,"href":"https:\/\/egypt-tourism.com\/fr\/wp-json\/wp\/v2\/comments?post=10172"}],"wp:featuredmedia":[{"embeddable":true,"href":"https:\/\/egypt-tourism.com\/fr\/wp-json\/wp\/v2\/media\/10177"}],"wp:attachment":[{"href":"https:\/\/egypt-tourism.com\/fr\/wp-json\/wp\/v2\/media?parent=10172"}],"wp:term":[{"taxonomy":"product_cat","embeddable":true,"href":"https:\/\/egypt-tourism.com\/fr\/wp-json\/wp\/v2\/product_cat?post=10172"},{"taxonomy":"product_tag","embeddable":true,"href":"https:\/\/egypt-tourism.com\/fr\/wp-json\/wp\/v2\/product_tag?post=10172"}],"curies":[{"name":"wp","href":"https:\/\/api.w.org\/{rel}","templated":true}]}}