{"id":10158,"date":"2025-12-26T15:39:00","date_gmt":"2025-12-26T15:39:00","guid":{"rendered":"https:\/\/egypt-tourism.com\/?post_type=product&#038;p=10158"},"modified":"2025-12-26T18:03:46","modified_gmt":"2025-12-26T18:03:46","slug":"giza-pyramids-sphinx-saqqarah-dahshur-and-memphis-day-tour","status":"publish","type":"product","link":"https:\/\/egypt-tourism.com\/fr\/product\/giza-pyramids-sphinx-saqqarah-dahshur-and-memphis-day-tour\/","title":{"rendered":"Excursion d'une journ\u00e9e aux pyramides de Gizeh, au Sphinx, \u00e0 Saqqarah, \u00e0 Dahchour et \u00e0 Memphis"},"content":{"rendered":"<p data-start=\"528\" data-end=\"908\">D\u00e9couvrez les sites les plus embl\u00e9matiques d'\u00c9gypte lors d'une visite exclusive <strong data-start=\"585\" data-end=\"623\">Excursion priv\u00e9e de luxe d'une journ\u00e9e au d\u00e9part du Caire<\/strong>Con\u00e7u pour les voyageurs en qu\u00eate de confort, d'authenticit\u00e9 et d'\u00e9l\u00e9gance, ce voyage haut de gamme combine des exp\u00e9riences mondialement connues. <strong data-start=\"740\" data-end=\"760\">Les pyramides de Gizeh<\/strong>, l'\u00e9nigmatique <strong data-start=\"776\" data-end=\"786\">Sphinx<\/strong>et les merveilles antiques de <strong data-start=\"815\" data-end=\"826\">Saqqarah<\/strong>, <strong data-start=\"828\" data-end=\"839\">Dahchour<\/strong>, et <strong data-start=\"845\" data-end=\"856\">Memphis<\/strong>\u2014cinq sites l\u00e9gendaires en une seule journ\u00e9e inoubliable.<\/p>\n<p data-start=\"910\" data-end=\"1263\">Votre exp\u00e9rience commence par <strong data-start=\"940\" data-end=\"966\">Les grandes pyramides de Gizeh<\/strong>L\u00e0, votre guide priv\u00e9 vous conduira aux meilleurs points de vue panoramiques pour des photos exceptionnelles et une atmosph\u00e8re sereine, loin de la foule. Profitez d'explications personnalis\u00e9es sur la Grande Pyramide de Kh\u00e9ops, Kh\u00e9phren et Myk\u00e9rinos avant de contempler le regard intemporel de la Grande Pyramide de Minas Gerais. <strong data-start=\"1227\" data-end=\"1237\">Sphinx<\/strong>, gardien du plateau.<\/p>\n<p data-start=\"1265\" data-end=\"1512\">Continuez \u00e0 <strong data-start=\"1277\" data-end=\"1288\">Saqqarah<\/strong>, o\u00f9 se dresse la pyramide \u00e0 degr\u00e9s du roi Dj\u00e9ser, la plus ancienne structure monumentale en pierre de l'histoire de l'humanit\u00e9. Dans ce vaste paysage d\u00e9sertique, vous ressentirez l'exclusivit\u00e9 et le raffinement discret d'un lieu o\u00f9 peu de voyageurs s'attardent.<\/p>\n<p data-start=\"1514\" data-end=\"1786\">Votre voyage vous am\u00e8ne ensuite \u00e0 <strong data-start=\"1546\" data-end=\"1557\">Dahchour<\/strong>, l'un des sites arch\u00e9ologiques les plus prestigieux d'\u00c9gypte. Ici, la Pyramide Rouge et la Pyramide Rhombo\u00efdale se dressent dans un isolement paisible, offrant un luxe rare en \u00c9gypte : espace, silence et un lien profond\u00e9ment intime avec le monde antique.<\/p>\n<p data-start=\"1788\" data-end=\"1968\">La tourn\u00e9e se termine \u00e0 <strong data-start=\"1810\" data-end=\"1821\">Memphis<\/strong>, la premi\u00e8re capitale de l'\u00c9gypte antique, o\u00f9 des statues et des objets royaux magnifiquement conserv\u00e9s t\u00e9moignent de la grandeur des premi\u00e8res dynasties pharaoniques<\/p>\n<p data-start=\"1970\" data-end=\"2206\">Profitez de votre journ\u00e9e <strong data-start=\"1997\" data-end=\"2031\">transport priv\u00e9 haut de gamme<\/strong>Des boissons fra\u00eeches, des horaires flexibles et toute l'attention d'un guide \u00e9gyptologue expert : chaque instant est soigneusement orchestr\u00e9 pour offrir confort, \u00e9l\u00e9gance et \u00e9merveillement.<\/p>\n<p data-start=\"2208\" data-end=\"2384\">Cette excursion d'une journ\u00e9e de luxe est parfaite pour les voyageurs en qu\u00eate d'une exploration raffin\u00e9e et enti\u00e8rement priv\u00e9e des plus importants tr\u00e9sors arch\u00e9ologiques d'\u00c9gypte, le tout dans une exp\u00e9rience exceptionnelle.<\/p>","protected":false},"excerpt":{"rendered":"<p>Experience Egypt\u2019s most iconic landmarks on an exclusive luxury private day tour from Cairo, designed for travelers seeking comfort, authenticity, and elegance. This premium journey combines the world-famous Pyramids of Giza, the enigmatic Sphinx, and the ancient wonders of Saqqarah, Dahshur, and Memphis\u2014five legendary sites in a single unforgettable day. Your experience begins at the [&hellip;]<\/p>","protected":false},"featured_media":10159,"comment_status":"open","ping_status":"closed","template":"","meta":{"_acf_changed":false,"_joinchat":[]},"product_cat":[74],"product_tag":[70],"class_list":{"0":"post-10158","1":"product","2":"type-product","3":"status-publish","4":"has-post-thumbnail","6":"product_cat-fullday","7":"product_tag-giza","8":"tm-has-options","10":"first","11":"instock","12":"shipping-taxable","13":"purchasable","14":"product-type-simple"},"acf":[],"_links":{"self":[{"href":"https:\/\/egypt-tourism.com\/fr\/wp-json\/wp\/v2\/product\/10158","targetHints":{"allow":["GET"]}}],"collection":[{"href":"https:\/\/egypt-tourism.com\/fr\/wp-json\/wp\/v2\/product"}],"about":[{"href":"https:\/\/egypt-tourism.com\/fr\/wp-json\/wp\/v2\/types\/product"}],"replies":[{"embeddable":true,"href":"https:\/\/egypt-tourism.com\/fr\/wp-json\/wp\/v2\/comments?post=10158"}],"wp:featuredmedia":[{"embeddable":true,"href":"https:\/\/egypt-tourism.com\/fr\/wp-json\/wp\/v2\/media\/10159"}],"wp:attachment":[{"href":"https:\/\/egypt-tourism.com\/fr\/wp-json\/wp\/v2\/media?parent=10158"}],"wp:term":[{"taxonomy":"product_cat","embeddable":true,"href":"https:\/\/egypt-tourism.com\/fr\/wp-json\/wp\/v2\/product_cat?post=10158"},{"taxonomy":"product_tag","embeddable":true,"href":"https:\/\/egypt-tourism.com\/fr\/wp-json\/wp\/v2\/product_tag?post=10158"}],"curies":[{"name":"wp","href":"https:\/\/api.w.org\/{rel}","templated":true}]}}