{"id":9676,"date":"2024-06-28T01:44:33","date_gmt":"2024-06-28T01:44:33","guid":{"rendered":"https:\/\/egypt-tourism.com\/product\/giza-pyramids-sphinx-sakkara-and-memphis-day-tour\/"},"modified":"2025-12-26T15:08:16","modified_gmt":"2025-12-26T15:08:16","slug":"giza-pyramids-sphinx-sakkara-and-memphis-day-tour","status":"publish","type":"product","link":"https:\/\/egypt-tourism.com\/es\/product\/giza-pyramids-sphinx-sakkara-and-memphis-day-tour\/","title":{"rendered":"Excursi\u00f3n de un d\u00eda a las pir\u00e1mides de Giza, la Esfinge, Sakkara y Memphis"},"content":{"rendered":"<p>Paso atr\u00e1s en el tiempo a los d\u00edas del antiguo Egipto en un tour de las Grandes Pir\u00e1mides de Giza y la Esfinge, la necr\u00f3polis de Sakkara y la antigua capital, Menfis. Con tu propia gu\u00eda Egipt\u00f3logo de liderar el camino en este tour, usted puede determinar la cantidad de tiempo que le gustar\u00eda pasar en cada uno de los sitios que vamos a visitar. La Meseta de Giza es s\u00f3lo alrededor de 30 minutos desde el Cairo, donde los calificados de su gu\u00eda Egipt\u00f3logo proporcionar\u00e1 una fascinante introducci\u00f3n a cada una de las tres pir\u00e1mides: Keops, Kefren y Menakaure. Usted tendr\u00e1 tiempo libre para entrar en una de las pir\u00e1mides (opcional), a pesar de que su gu\u00eda no est\u00e1 permitido entrar con usted, o tomar un paseo en camello (opcional). Despu\u00e9s de visitar las pir\u00e1mides, podr\u00e1s seguir a trav\u00e9s de la meseta de una oportunidad de la foto de las tres pir\u00e1mides aumento de las arenas, con el horizonte de el Cairo en el fondo.Un corto trayecto en coche a la ciudad el lado de la meseta se encuentra de pie a los pies de la Esfinge, durante miles de a\u00f1os, el enigm\u00e1tico s\u00edmbolo de Egipto. Tambi\u00e9n en Giza, usted puede visitar el Museo del Barco Solar (opcional), el hogar de el muy bien conservado barco funerario de Keops. Su pr\u00f3xima parada es Sakkara, la casa de Egipto, la m\u00e1s antigua pir\u00e1mide, construida en 2800 B. C. Su gu\u00eda le proporciona una breve historia de la famosa Pir\u00e1mide escalonada y usted tendr\u00e1 tiempo libre para caminar alrededor. Su \u00faltima parada es Menfis, la antigua capital de Egipto. Aqu\u00ed podr\u00e1s ver los artefactos de muchos de los grandes gobernantes de Egipto, incluyendo la ca\u00edda de la estatua de Rams\u00e9s II y el segundo m\u00e1s grande de la esfinge en Egipto. Usted tambi\u00e9n tendr\u00e1 la oportunidad de visitar un Instituto del Papiro para ver c\u00f3mo el famoso arte es hecho.<\/p>","protected":false},"excerpt":{"rendered":"<p>Step back in time to the days of ancient Egypt on a tour of the Great Pyramids of Giza and Sphinx, the necropolis of Sakkara and the former capital, Memphis. With your own Egyptologist guide to lead the way on this tour, you can determine the amount of time you&#8217;d like to spend at each [&hellip;]<\/p>","protected":false},"featured_media":83,"comment_status":"open","ping_status":"closed","template":"","meta":{"_acf_changed":false,"_joinchat":[]},"product_cat":[74],"product_tag":[70],"class_list":{"0":"post-9676","1":"product","2":"type-product","3":"status-publish","4":"has-post-thumbnail","6":"product_cat-fullday","7":"product_tag-giza","8":"tm-has-options","10":"first","11":"instock","12":"shipping-taxable","13":"purchasable","14":"product-type-simple"},"acf":[],"_links":{"self":[{"href":"https:\/\/egypt-tourism.com\/es\/wp-json\/wp\/v2\/product\/9676","targetHints":{"allow":["GET"]}}],"collection":[{"href":"https:\/\/egypt-tourism.com\/es\/wp-json\/wp\/v2\/product"}],"about":[{"href":"https:\/\/egypt-tourism.com\/es\/wp-json\/wp\/v2\/types\/product"}],"replies":[{"embeddable":true,"href":"https:\/\/egypt-tourism.com\/es\/wp-json\/wp\/v2\/comments?post=9676"}],"wp:featuredmedia":[{"embeddable":true,"href":"https:\/\/egypt-tourism.com\/es\/wp-json\/wp\/v2\/media\/83"}],"wp:attachment":[{"href":"https:\/\/egypt-tourism.com\/es\/wp-json\/wp\/v2\/media?parent=9676"}],"wp:term":[{"taxonomy":"product_cat","embeddable":true,"href":"https:\/\/egypt-tourism.com\/es\/wp-json\/wp\/v2\/product_cat?post=9676"},{"taxonomy":"product_tag","embeddable":true,"href":"https:\/\/egypt-tourism.com\/es\/wp-json\/wp\/v2\/product_tag?post=9676"}],"curies":[{"name":"wp","href":"https:\/\/api.w.org\/{rel}","templated":true}]}}