{"id":9675,"date":"2024-06-28T01:44:33","date_gmt":"2024-06-28T01:44:33","guid":{"rendered":"https:\/\/egypt-tourism.com\/product\/alexandria-day-trip-from-cairo\/"},"modified":"2025-12-28T11:12:13","modified_gmt":"2025-12-28T11:12:13","slug":"alexandria-day-trip-from-cairo","status":"publish","type":"product","link":"https:\/\/egypt-tourism.com\/es\/product\/alexandria-day-trip-from-cairo\/","title":{"rendered":"Alejandr\u00eda D\u00eda De Viaje Desde El Cairo"},"content":{"rendered":"<p>La segunda ciudad m\u00e1s grande de Egipto, Alejandr\u00eda tiene una atm\u00f3sfera que es m\u00e1s Mediterr\u00e1nea, de Oriente Medio y es famoso por sus restos Romanos. Alejandr\u00eda fue fundada por Alejandro magno en el 312 a. C., y fue la capital de la Greco-Romana de Egipto. Su primera parada en esta ciudad hist\u00f3rica es la \u00e9poca de las Catacumbas de Kom el Shoqafa, que es un sepulcral Romana sitio en el que se revela la fusi\u00f3n de Egipcio y el Romano, el arte y la arquitectura. Descender por debajo de la tierra para visitar la tumba y Caracalla Hall. Volviendo a la tierra, seguir el Pilar de Pompeyo, un 82 pies (25 metros), la columna de granito, construido en honor del Emperador Diocleciano, que liber\u00f3 a la ciudad sitiada y trajo comida a su gente con hambre. Continuando con el tema Romano, el sitio de al lado de su gu\u00eda le mostrar\u00e1 que usted es el anfiteatro Romano, posiblemente el yacimiento Romano mejor conservado de Egipto. El sitio tambi\u00e9n incluye los restos de un Romano de la calle y en los hogares. Despu\u00e9s del almuerzo (con costo adicional), visita de la famosa Biblioteca de Alejandr\u00eda. En contraste con la antigua arquitectura de todo el pa\u00eds, de este noruego edificio dise\u00f1ado es una sorprendente pieza de dise\u00f1o moderno. Una copia de cada libro publicado en el mundo se mantiene en la biblioteca, por lo que es uno de los grandes literaria sitios en el mundo. La biblioteca tambi\u00e9n alberga varias exposiciones sobre la historia de Egipto y una pantalla de raros libros antiguos (por un costo adicional). Despu\u00e9s de la conclusi\u00f3n de su visita, regreso a el Cairo.<\/p>","protected":false},"excerpt":{"rendered":"<p>The second largest city in Egypt, Alexandria has an atmosphere that is more Mediterranean than Middle Eastern and is famous for its Roman remains. Alexandria was founded by Alexander the Great in 312 B.C., and was the capital of Greco-Roman Egypt. Your first stop in this historic city is the Catacombs of Kom el Shoqafa, [&hellip;]<\/p>","protected":false},"featured_media":101,"comment_status":"open","ping_status":"closed","template":"","meta":{"_acf_changed":false,"_joinchat":[]},"product_cat":[74],"product_tag":[68],"class_list":{"0":"post-9675","1":"product","2":"type-product","3":"status-publish","4":"has-post-thumbnail","6":"product_cat-fullday","7":"product_tag-cairo","8":"tm-has-options","10":"first","11":"instock","12":"shipping-taxable","13":"purchasable","14":"product-type-simple"},"acf":[],"_links":{"self":[{"href":"https:\/\/egypt-tourism.com\/es\/wp-json\/wp\/v2\/product\/9675","targetHints":{"allow":["GET"]}}],"collection":[{"href":"https:\/\/egypt-tourism.com\/es\/wp-json\/wp\/v2\/product"}],"about":[{"href":"https:\/\/egypt-tourism.com\/es\/wp-json\/wp\/v2\/types\/product"}],"replies":[{"embeddable":true,"href":"https:\/\/egypt-tourism.com\/es\/wp-json\/wp\/v2\/comments?post=9675"}],"wp:featuredmedia":[{"embeddable":true,"href":"https:\/\/egypt-tourism.com\/es\/wp-json\/wp\/v2\/media\/101"}],"wp:attachment":[{"href":"https:\/\/egypt-tourism.com\/es\/wp-json\/wp\/v2\/media?parent=9675"}],"wp:term":[{"taxonomy":"product_cat","embeddable":true,"href":"https:\/\/egypt-tourism.com\/es\/wp-json\/wp\/v2\/product_cat?post=9675"},{"taxonomy":"product_tag","embeddable":true,"href":"https:\/\/egypt-tourism.com\/es\/wp-json\/wp\/v2\/product_tag?post=9675"}],"curies":[{"name":"wp","href":"https:\/\/api.w.org\/{rel}","templated":true}]}}