{"id":9674,"date":"2024-06-28T01:44:33","date_gmt":"2024-06-28T01:44:33","guid":{"rendered":"https:\/\/egypt-tourism.com\/product\/private-half-day-trip-to-giza-pyramids-with-camel-riding\/"},"modified":"2024-06-28T22:14:40","modified_gmt":"2024-06-28T22:14:40","slug":"private-half-day-trip-to-giza-pyramids-with-camel-riding","status":"publish","type":"product","link":"https:\/\/egypt-tourism.com\/es\/product\/private-half-day-trip-to-giza-pyramids-with-camel-riding\/","title":{"rendered":"Privado De Medio D\u00eda De Viaje A Las Pir\u00e1mides De Guiza Con Paseos En Camello"},"content":{"rendered":"<p>se encontrar\u00e1 con su gu\u00eda en el lobby de su hotel, a continuaci\u00f3n, empezar a visitar los siguientes sitios de 9:00 am pir\u00e1mides de Giza, la Esfinge y el templo del Valle, Nuestro gu\u00eda lo recoger\u00e1 de su hotel para visitar los mencionados sitios en un moderno van con aire acondicionado. entonces usted va a ir de paseo en camello por 30 minutos alrededor de las pir\u00e1mides . Luego en coche de vuelta a su hotel.<\/p>","protected":false},"excerpt":{"rendered":"<p>you will meet your guide in the lobby of your hotel then you start visit the following sites 9:00 am Giza pyramids, the Sphinx and the Valley temple, Our tour guide will pick you up from your hotel to visit the abovementioned sites in a modern air-conditioned van. then you will go to ride camel [&hellip;]<\/p>","protected":false},"featured_media":194,"comment_status":"open","ping_status":"closed","template":"","meta":{"_acf_changed":false,"_joinchat":[]},"product_cat":[73],"product_tag":[70],"class_list":{"0":"post-9674","1":"product","2":"type-product","3":"status-publish","4":"has-post-thumbnail","6":"product_cat-halfday","7":"product_tag-giza","8":"tm-has-options","10":"first","11":"instock","12":"shipping-taxable","13":"purchasable","14":"product-type-simple"},"acf":[],"_links":{"self":[{"href":"https:\/\/egypt-tourism.com\/es\/wp-json\/wp\/v2\/product\/9674","targetHints":{"allow":["GET"]}}],"collection":[{"href":"https:\/\/egypt-tourism.com\/es\/wp-json\/wp\/v2\/product"}],"about":[{"href":"https:\/\/egypt-tourism.com\/es\/wp-json\/wp\/v2\/types\/product"}],"replies":[{"embeddable":true,"href":"https:\/\/egypt-tourism.com\/es\/wp-json\/wp\/v2\/comments?post=9674"}],"wp:featuredmedia":[{"embeddable":true,"href":"https:\/\/egypt-tourism.com\/es\/wp-json\/wp\/v2\/media\/194"}],"wp:attachment":[{"href":"https:\/\/egypt-tourism.com\/es\/wp-json\/wp\/v2\/media?parent=9674"}],"wp:term":[{"taxonomy":"product_cat","embeddable":true,"href":"https:\/\/egypt-tourism.com\/es\/wp-json\/wp\/v2\/product_cat?post=9674"},{"taxonomy":"product_tag","embeddable":true,"href":"https:\/\/egypt-tourism.com\/es\/wp-json\/wp\/v2\/product_tag?post=9674"}],"curies":[{"name":"wp","href":"https:\/\/api.w.org\/{rel}","templated":true}]}}