{"id":9672,"date":"2024-06-28T01:44:33","date_gmt":"2024-06-28T01:44:33","guid":{"rendered":"https:\/\/egypt-tourism.com\/product\/the-new-grand-museum-of-egypt\/"},"modified":"2025-12-28T15:58:45","modified_gmt":"2025-12-28T15:58:45","slug":"all-inclusive-giza-pyramids-and-the-new-grand-museum-of-egypt","status":"publish","type":"product","link":"https:\/\/egypt-tourism.com\/es\/product\/all-inclusive-giza-pyramids-and-the-new-grand-museum-of-egypt\/","title":{"rendered":"Todo incluido, Pir\u00e1mides de Giza y el nuevo Gran Museo de Egipto (GEM)"},"content":{"rendered":"<p data-start=\"346\" data-end=\"713\">Experimente los tesoros m\u00e1s emblem\u00e1ticos de Egipto con total elegancia con este <strong data-start=\"418\" data-end=\"502\">Tour privado de lujo a las pir\u00e1mides de Giza y al nuevo Gran Museo Egipcio (GEM)<\/strong>Dise\u00f1ada para viajeros exigentes, esta experiencia premium combina arqueolog\u00eda de primer nivel, arquitectura impresionante y servicio VIP personalizado para un viaje inolvidable a trav\u00e9s del Egipto antiguo y moderno.<\/p>\r\n<p data-start=\"715\" data-end=\"1174\">Tu d\u00eda comienza con <strong data-start=\"736\" data-end=\"754\">recogida privada<\/strong> Desde su hotel en un veh\u00edculo de lujo con aire acondicionado, acompa\u00f1ado por un gu\u00eda egipt\u00f3logo experto dedicado exclusivamente a usted. Su primera parada es el legendario.. <strong data-start=\"916\" data-end=\"932\">Giza<\/strong>, hogar de la Gran Pir\u00e1mide de Keops, la Pir\u00e1mide de Kefr\u00e9n, la Pir\u00e1mide de Micerinos y la atemporal <strong data-start=\"1035\" data-end=\"1045\">Esfinge<\/strong>. Disfrute de vistas panor\u00e1micas privilegiadas, vistas exclusivas y la oportunidad de capturar fotograf\u00edas extraordinarias lejos de las multitudes.<\/p>\r\n<p data-start=\"1176\" data-end=\"1669\">Despu\u00e9s de explorar la \u00faltima maravilla restante del mundo antiguo, contin\u00fae hacia el proyecto cultural m\u00e1s esperado de Egipto: el <strong data-start=\"1299\" data-end=\"1330\">Gran Museo Egipcio<\/strong>. Con su impresionante arquitectura moderna, amplias galer\u00edas y una curadur\u00eda de vanguardia, el GEM ofrece una experiencia muse\u00edstica de lujo sin igual. Marav\u00edllese con obras maestras del reinado de los faraones, admire las estatuas monumentales del Gran Atrio y descubra tesoros exhibidos por primera vez con est\u00e1ndares de conservaci\u00f3n de primer nivel.<\/p>\r\n<p data-start=\"1671\" data-end=\"1839\">Durante todo el recorrido, disfrute de comodidad superior, horarios flexibles, bebidas fr\u00edas y la atenci\u00f3n personalizada de un gu\u00eda experto que da vida a las historias de Egipto.<\/p>","protected":false},"excerpt":{"rendered":"<p>Experience Egypt\u2019s most iconic treasures in complete elegance with this luxury private tour of the Giza Pyramids and the new Grand Egyptian Museum (GEM). Designed for discerning travelers, this premium experience blends world-class archaeology, breathtaking architecture, and personalized VIP service for an unforgettable journey through ancient and modern Egypt. Your day begins with private pickup [&hellip;]<\/p>","protected":false},"featured_media":10162,"comment_status":"open","ping_status":"closed","template":"","meta":{"_acf_changed":false,"_joinchat":[]},"product_cat":[74],"product_tag":[70],"class_list":{"0":"post-9672","1":"product","2":"type-product","3":"status-publish","4":"has-post-thumbnail","6":"product_cat-fullday","7":"product_tag-giza","8":"tm-has-options","10":"first","11":"instock","12":"shipping-taxable","13":"purchasable","14":"product-type-simple"},"acf":[],"_links":{"self":[{"href":"https:\/\/egypt-tourism.com\/es\/wp-json\/wp\/v2\/product\/9672","targetHints":{"allow":["GET"]}}],"collection":[{"href":"https:\/\/egypt-tourism.com\/es\/wp-json\/wp\/v2\/product"}],"about":[{"href":"https:\/\/egypt-tourism.com\/es\/wp-json\/wp\/v2\/types\/product"}],"replies":[{"embeddable":true,"href":"https:\/\/egypt-tourism.com\/es\/wp-json\/wp\/v2\/comments?post=9672"}],"wp:featuredmedia":[{"embeddable":true,"href":"https:\/\/egypt-tourism.com\/es\/wp-json\/wp\/v2\/media\/10162"}],"wp:attachment":[{"href":"https:\/\/egypt-tourism.com\/es\/wp-json\/wp\/v2\/media?parent=9672"}],"wp:term":[{"taxonomy":"product_cat","embeddable":true,"href":"https:\/\/egypt-tourism.com\/es\/wp-json\/wp\/v2\/product_cat?post=9672"},{"taxonomy":"product_tag","embeddable":true,"href":"https:\/\/egypt-tourism.com\/es\/wp-json\/wp\/v2\/product_tag?post=9672"}],"curies":[{"name":"wp","href":"https:\/\/api.w.org\/{rel}","templated":true}]}}