{"id":9668,"date":"2024-06-28T01:44:33","date_gmt":"2024-06-28T01:44:33","guid":{"rendered":"https:\/\/egypt-tourism.com\/product\/cairo-dinner-cruise-with-belly-dancer-show\/"},"modified":"2024-07-03T04:02:51","modified_gmt":"2024-07-03T04:02:51","slug":"cairo-dinner-cruise-with-belly-dancer-show","status":"publish","type":"product","link":"https:\/\/egypt-tourism.com\/es\/product\/cairo-dinner-cruise-with-belly-dancer-show\/","title":{"rendered":"El Cairo, Crucero Con Cena Con Espect\u00e1culo De Danza Del Vientre"},"content":{"rendered":"<p>\u00a0Comienza a las 18:30 Pm, Nuestro Representante le recoger\u00e1 de su Hotel y traslado en Privado a\/C del Veh\u00edculo al centro de el Cairo, donde la Pire del Crucero se encuentra a Continuaci\u00f3n, subir a Bordo y Disfrutar de la navegaci\u00f3n de 2 Horas y disfrutar de la Danza del Vientre show con uno de los m\u00e1s famosos de la bailarina de danza del Vientre en Egipto, a continuaci\u00f3n, Disfrutar de la tradicional Tanoura Mostrar y disfrutar de la cena en forma de Bufet con la vista del Nilo. m\u00e1s tarde ser\u00e1 trasladado de regreso a su Hotel a las 22:30 pm<\/p>","protected":false},"excerpt":{"rendered":"<p>\u00a0Starts at\u00a018:30 Pm Our Representative will Pick you up from your Hotel then transfer by Private A\/C Vehicle to downtown of Cairo where the Pire of the Cruise Ship is located Then get on Board and Enjoy sailing for\u00a02 Hours and enjoy watching\u00a0the Belly Dancing show with one of the most famous Belly dancer in [&hellip;]<\/p>","protected":false},"featured_media":9978,"comment_status":"open","ping_status":"closed","template":"","meta":{"_acf_changed":false,"_joinchat":[]},"product_cat":[66],"product_tag":[68],"class_list":{"0":"post-9668","1":"product","2":"type-product","3":"status-publish","4":"has-post-thumbnail","6":"product_cat-nile-cruise-tours","7":"product_tag-cairo","8":"tm-has-options","10":"first","11":"instock","12":"shipping-taxable","13":"purchasable","14":"product-type-simple"},"acf":[],"_links":{"self":[{"href":"https:\/\/egypt-tourism.com\/es\/wp-json\/wp\/v2\/product\/9668","targetHints":{"allow":["GET"]}}],"collection":[{"href":"https:\/\/egypt-tourism.com\/es\/wp-json\/wp\/v2\/product"}],"about":[{"href":"https:\/\/egypt-tourism.com\/es\/wp-json\/wp\/v2\/types\/product"}],"replies":[{"embeddable":true,"href":"https:\/\/egypt-tourism.com\/es\/wp-json\/wp\/v2\/comments?post=9668"}],"wp:featuredmedia":[{"embeddable":true,"href":"https:\/\/egypt-tourism.com\/es\/wp-json\/wp\/v2\/media\/9978"}],"wp:attachment":[{"href":"https:\/\/egypt-tourism.com\/es\/wp-json\/wp\/v2\/media?parent=9668"}],"wp:term":[{"taxonomy":"product_cat","embeddable":true,"href":"https:\/\/egypt-tourism.com\/es\/wp-json\/wp\/v2\/product_cat?post=9668"},{"taxonomy":"product_tag","embeddable":true,"href":"https:\/\/egypt-tourism.com\/es\/wp-json\/wp\/v2\/product_tag?post=9668"}],"curies":[{"name":"wp","href":"https:\/\/api.w.org\/{rel}","templated":true}]}}