{"id":9664,"date":"2024-06-28T01:44:33","date_gmt":"2024-06-28T01:44:33","guid":{"rendered":"https:\/\/egypt-tourism.com\/product\/cairo-city-tour-all-inclusive\/"},"modified":"2024-07-02T06:31:15","modified_gmt":"2024-07-02T06:31:15","slug":"cairo-city-tour-all-inclusive","status":"publish","type":"product","link":"https:\/\/egypt-tourism.com\/es\/product\/cairo-city-tour-all-inclusive\/","title":{"rendered":"El Cairo City Tour Todo Incluido"},"content":{"rendered":"<p>Hoy te sumergir\u00e1s en la historia de Egipto.<br \/>Hoy te sumergir\u00e1s en la historia de Egipto.\nVisitar\u00e1 las atracciones isl\u00e1micas m\u00e1s populares de El Cairo: realizar\u00e1 un recorrido por la Mezquita de Alabastro en la Ciudadela de Salah el-Din, que se encuentra en la cima de una colina de piedra caliza con vistas a El Cairo y es la mezquita m\u00e1s importante de la ciudad. La parte inferior de la mezquita est\u00e1 revestida por dentro y por fuera con alabastro, mientras que la parte superior est\u00e1 construida con el revestimiento de piedra caliza extra\u00eddo de las pir\u00e1mides de Giza. Dentro de la mezquita, tu gu\u00eda te presentar\u00e1 las creencias b\u00e1sicas del Islam, incluida una traducci\u00f3n de las oraciones m\u00e1s comunes. Luego descubrir\u00e1 los sitios antiguos y la cultura de los cristianos coptos, donde aprender\u00e1 sobre la vida cristiana en Egipto, un pa\u00eds donde el cristianismo es minoritario. Primero visitar\u00e1 la Iglesia Colgante, construida en los muros de la puerta de agua de la fortaleza romana y es posiblemente la iglesia cristiana m\u00e1s antigua de Egipto. Dedicada a la Virgen Mar\u00eda, es una de las iglesias m\u00e1s bellas de El Cairo. Contin\u00fae hasta el Monasterio e Iglesia de San Jorge. Es una de las pocas iglesias circulares que quedan en Medio Oriente. Su siguiente parada es Abu Serga, uno de los lugares donde descans\u00f3 la Sagrada Familia despu\u00e9s de huir de Israel del rey Herodes. A principios de siglo, esta peque\u00f1a iglesia, que data del siglo X, era el lugar de peregrinaci\u00f3n m\u00e1s importante del Viejo Cairo para los turistas cristianos. Hay 24 columnas de m\u00e1rmol que bordean el patio central y una serie de \u00edconos del siglo XII que representan a los 12 ap\u00f3stoles. Luego visitar\u00e1s la sinagoga Ben Ezra, que es una de las sinagogas m\u00e1s antiguas de Egipto. Ubicado en un jard\u00edn sombreado, fue construido en el sitio de una iglesia cristiana del siglo IV.<\/p>","protected":false},"excerpt":{"rendered":"<p>Today you will immerse yourself in Egypt\u2019s history.You will visit Cairo\u2019s most popular Islamic attractions: You will tour to the Alabaster Mosque at the Citadel of Salah el-Din which sits on top a limestone hill overlooking Cairo and is the most important mosque in the city. The lower part of the Mosque is clad inside [&hellip;]<\/p>","protected":false},"featured_media":9883,"comment_status":"open","ping_status":"closed","template":"","meta":{"_acf_changed":false,"_joinchat":[]},"product_cat":[74],"product_tag":[68],"class_list":{"0":"post-9664","1":"product","2":"type-product","3":"status-publish","4":"has-post-thumbnail","6":"product_cat-fullday","7":"product_tag-cairo","8":"tm-has-options","10":"first","11":"instock","12":"shipping-taxable","13":"purchasable","14":"product-type-simple"},"acf":[],"_links":{"self":[{"href":"https:\/\/egypt-tourism.com\/es\/wp-json\/wp\/v2\/product\/9664","targetHints":{"allow":["GET"]}}],"collection":[{"href":"https:\/\/egypt-tourism.com\/es\/wp-json\/wp\/v2\/product"}],"about":[{"href":"https:\/\/egypt-tourism.com\/es\/wp-json\/wp\/v2\/types\/product"}],"replies":[{"embeddable":true,"href":"https:\/\/egypt-tourism.com\/es\/wp-json\/wp\/v2\/comments?post=9664"}],"wp:featuredmedia":[{"embeddable":true,"href":"https:\/\/egypt-tourism.com\/es\/wp-json\/wp\/v2\/media\/9883"}],"wp:attachment":[{"href":"https:\/\/egypt-tourism.com\/es\/wp-json\/wp\/v2\/media?parent=9664"}],"wp:term":[{"taxonomy":"product_cat","embeddable":true,"href":"https:\/\/egypt-tourism.com\/es\/wp-json\/wp\/v2\/product_cat?post=9664"},{"taxonomy":"product_tag","embeddable":true,"href":"https:\/\/egypt-tourism.com\/es\/wp-json\/wp\/v2\/product_tag?post=9664"}],"curies":[{"name":"wp","href":"https:\/\/api.w.org\/{rel}","templated":true}]}}