{"id":9663,"date":"2024-06-28T01:44:33","date_gmt":"2024-06-28T01:44:33","guid":{"rendered":"https:\/\/egypt-tourism.com\/product\/el-alamein-day-tour-from-cairo\/"},"modified":"2025-12-28T16:59:46","modified_gmt":"2025-12-28T16:59:46","slug":"el-alamein-day-tour-from-cairo","status":"publish","type":"product","link":"https:\/\/egypt-tourism.com\/es\/product\/el-alamein-day-tour-from-cairo\/","title":{"rendered":"El Alamein Tour De Un D\u00eda Desde El Cairo"},"content":{"rendered":"<p data-start=\"1247\" data-end=\"1408\"><strong data-start=\"1247\" data-end=\"1322\">Viaje con comodidad en una excursi\u00f3n privada de lujo de un d\u00eda desde El Cairo a El Alamein.<\/strong>, un destino de profunda importancia hist\u00f3rica y serena belleza mediterr\u00e1nea.<\/p>\r\n<p data-start=\"1415\" data-end=\"1589\">Tu experiencia comienza con <strong data-start=\"1443\" data-end=\"1494\">Recogida privada desde su hotel en El Cairo o Giza.<\/strong>, seguido de un recorrido panor\u00e1mico en un veh\u00edculo privado con aire acondicionado hasta la costa norte de Egipto.<\/p>\r\n<p data-start=\"1596\" data-end=\"1907\">A su llegada, explore el famoso <strong data-start=\"1631\" data-end=\"1656\">Museo de la Guerra de El Alamein<\/strong>, que presenta una narrativa impactante de las batallas de la Segunda Guerra Mundial que moldearon la historia global. Contin\u00fae hasta la <strong data-start=\"1766\" data-end=\"1818\">Cementerios de guerra de la Commonwealth, Alemania e Italia<\/strong>, donde paisajes tranquilos y elegantes monumentos ofrecen momentos de reflexi\u00f3n y respeto.<\/p>\r\n<p data-start=\"1914\" data-end=\"2070\">El viaje se enriquece con las ideas de un <strong data-start=\"1959\" data-end=\"1989\">gu\u00eda privado profesional<\/strong>, que proporciona un contexto hist\u00f3rico y al mismo tiempo permite tiempo para la exploraci\u00f3n personal.<\/p>\r\n<p data-start=\"2077\" data-end=\"2233\">Disfrute del ambiente relajado de <strong data-start=\"2109\" data-end=\"2144\">La costa mediterr\u00e1nea de Egipto<\/strong>, donde la brisa del mar y los horizontes abiertos ofrecen un contraste pac\u00edfico con la energ\u00eda de El Cairo.<\/p>\r\n<p data-start=\"2240\" data-end=\"2425\">Esta <strong data-start=\"2245\" data-end=\"2273\">experiencia totalmente privada<\/strong> Est\u00e1 dise\u00f1ado para viajeros que valoran la comodidad, la profundidad cultural y el descubrimiento hist\u00f3rico significativo, antes de regresar c\u00f3modamente a El Cairo por la noche.<\/p>","protected":false},"excerpt":{"rendered":"<p>Travel in comfort on a private luxury day tour from Cairo to El Alamein, a destination of profound historical significance and serene Mediterranean beauty. Your experience begins with private pickup from your hotel in Cairo or Giza, followed by a scenic drive in an air-conditioned private vehicle to Egypt\u2019s northern coast. Upon arrival, explore the [&hellip;]<\/p>","protected":false},"featured_media":9879,"comment_status":"open","ping_status":"closed","template":"","meta":{"_acf_changed":false,"_joinchat":[]},"product_cat":[74],"product_tag":[68],"class_list":{"0":"post-9663","1":"product","2":"type-product","3":"status-publish","4":"has-post-thumbnail","6":"product_cat-fullday","7":"product_tag-cairo","8":"tm-has-options","10":"first","11":"instock","12":"shipping-taxable","13":"purchasable","14":"product-type-simple"},"acf":[],"_links":{"self":[{"href":"https:\/\/egypt-tourism.com\/es\/wp-json\/wp\/v2\/product\/9663","targetHints":{"allow":["GET"]}}],"collection":[{"href":"https:\/\/egypt-tourism.com\/es\/wp-json\/wp\/v2\/product"}],"about":[{"href":"https:\/\/egypt-tourism.com\/es\/wp-json\/wp\/v2\/types\/product"}],"replies":[{"embeddable":true,"href":"https:\/\/egypt-tourism.com\/es\/wp-json\/wp\/v2\/comments?post=9663"}],"wp:featuredmedia":[{"embeddable":true,"href":"https:\/\/egypt-tourism.com\/es\/wp-json\/wp\/v2\/media\/9879"}],"wp:attachment":[{"href":"https:\/\/egypt-tourism.com\/es\/wp-json\/wp\/v2\/media?parent=9663"}],"wp:term":[{"taxonomy":"product_cat","embeddable":true,"href":"https:\/\/egypt-tourism.com\/es\/wp-json\/wp\/v2\/product_cat?post=9663"},{"taxonomy":"product_tag","embeddable":true,"href":"https:\/\/egypt-tourism.com\/es\/wp-json\/wp\/v2\/product_tag?post=9663"}],"curies":[{"name":"wp","href":"https:\/\/api.w.org\/{rel}","templated":true}]}}