{"id":9662,"date":"2024-06-28T01:44:33","date_gmt":"2024-06-28T01:44:33","guid":{"rendered":"https:\/\/egypt-tourism.com\/product\/al-fayoum-day-tour-to-wadi-alrayan-and-lake-qarun\/"},"modified":"2025-12-26T12:11:23","modified_gmt":"2025-12-26T12:11:23","slug":"al-fayoum-day-tour-to-wadi-alrayan-and-lake-qarun","status":"publish","type":"product","link":"https:\/\/egypt-tourism.com\/es\/product\/al-fayoum-day-tour-to-wadi-alrayan-and-lake-qarun\/","title":{"rendered":"Excursi\u00f3n de un d\u00eda a Al Fayoum a Wadi AlRayan y al lago Qarun"},"content":{"rendered":"<p>Explore el oasis de Fayum, ubicado a 80 kil\u00f3metros al sur de El Cairo. Quienes elijan esta excursi\u00f3n privada de un d\u00eda experimentar\u00e1n una experiencia muy diferente lejos de la capital. Apreciar\u00e1n el paisaje agr\u00edcola. La vida rural es una de las experiencias m\u00e1s placenteras de Fayum. Su primer destino ser\u00e1 el lago Moris, como lo llamaban los griegos, pero los \u00e1rabes lo llaman lago Qarun. El lago es inmenso. No es un buen lugar para nadar, pero incluso la vista del lago des\u00e9rtico es refrescante, y se puede alquilar un bote de remos. El lago es ahora una importante zona de aves donde miles de aves migratorias descansan durante su migraci\u00f3n invernal hacia el sur, incluyendo una gran cantidad de flamencos. Despu\u00e9s, visitar\u00e1n las populares cascadas de Wad El Rayan. Las cascadas est\u00e1n conectadas con el lago de una manera hermosa; su gu\u00eda los acompa\u00f1ar\u00e1 a todas partes para explicarles todo sobre los lugares que visiten.<\/p>","protected":false},"excerpt":{"rendered":"<p>Explore the Fayoum oasis, located 80 kilometers south of Cairo. Visitors who choose to take this private day trip will experience a very different feeling away from the capital. You will appreciate the agricultural landscape. Rural life is one of the pleasant experiences of Al Fayoum. Your first destination will be Lake Moris as the [&hellip;]<\/p>","protected":false},"featured_media":9870,"comment_status":"open","ping_status":"closed","template":"","meta":{"_acf_changed":false,"_joinchat":[]},"product_cat":[74],"product_tag":[75],"class_list":{"0":"post-9662","1":"product","2":"type-product","3":"status-publish","4":"has-post-thumbnail","6":"product_cat-fullday","7":"product_tag-fayoum","8":"tm-has-options","10":"first","11":"instock","12":"shipping-taxable","13":"purchasable","14":"product-type-simple"},"acf":[],"_links":{"self":[{"href":"https:\/\/egypt-tourism.com\/es\/wp-json\/wp\/v2\/product\/9662","targetHints":{"allow":["GET"]}}],"collection":[{"href":"https:\/\/egypt-tourism.com\/es\/wp-json\/wp\/v2\/product"}],"about":[{"href":"https:\/\/egypt-tourism.com\/es\/wp-json\/wp\/v2\/types\/product"}],"replies":[{"embeddable":true,"href":"https:\/\/egypt-tourism.com\/es\/wp-json\/wp\/v2\/comments?post=9662"}],"wp:featuredmedia":[{"embeddable":true,"href":"https:\/\/egypt-tourism.com\/es\/wp-json\/wp\/v2\/media\/9870"}],"wp:attachment":[{"href":"https:\/\/egypt-tourism.com\/es\/wp-json\/wp\/v2\/media?parent=9662"}],"wp:term":[{"taxonomy":"product_cat","embeddable":true,"href":"https:\/\/egypt-tourism.com\/es\/wp-json\/wp\/v2\/product_cat?post=9662"},{"taxonomy":"product_tag","embeddable":true,"href":"https:\/\/egypt-tourism.com\/es\/wp-json\/wp\/v2\/product_tag?post=9662"}],"curies":[{"name":"wp","href":"https:\/\/api.w.org\/{rel}","templated":true}]}}