{"id":9661,"date":"2024-06-28T01:44:33","date_gmt":"2024-06-28T01:44:33","guid":{"rendered":"https:\/\/egypt-tourism.com\/product\/giza-pyramids-and-sakkara-from-alexandria-city\/"},"modified":"2025-12-28T14:48:21","modified_gmt":"2025-12-28T14:48:21","slug":"giza-pyramids-sakkara-from-alexandria-city","status":"publish","type":"product","link":"https:\/\/egypt-tourism.com\/es\/product\/giza-pyramids-sakkara-from-alexandria-city\/","title":{"rendered":"Pir\u00e1mides de Giza, Saqqara y Menfis desde la ciudad de Alejandr\u00eda"},"content":{"rendered":"<p>Pir\u00e1mides de Giza desde Alejandr\u00eda: retroceda en el tiempo hasta los d\u00edas del antiguo Egipto en un tour privado a las Grandes Pir\u00e1mides de Giza y la Esfinge y la Necr\u00f3polis de Sakkara y Memphis. Con tu propio gu\u00eda egipt\u00f3logo privado para guiarte, podr\u00e1s determinar cu\u00e1nto tiempo pasar\u00e1s en cada uno de los sitios que visites.<\/p><p>Nuestro representante le recoger\u00e1 de su hotel de Alexandria . A continuaci\u00f3n ser\u00e1 conducido desde Alejandr\u00eda a el Cairo, de aproximadamente 3 horas en un veh\u00edculo con aire acondicionado. Una vez que usted llega en Giza, su gu\u00eda Egipt\u00f3logo proporcionar\u00e1 una fascinante introducci\u00f3n a cada una de las tres pir\u00e1mides: Keops, Kefren y Menakaure. El tour tambi\u00e9n incluye una visita al Templo del Valle, que pertenece a las Pir\u00e1mides de Kefr\u00e9n. Usted tendr\u00e1 tiempo libre para entrar en una de las pir\u00e1mides (opcional, a un costo adicional); sin embargo, su gu\u00eda no est\u00e1 permitido entrar con usted; o usted puede ir en un paseo en camello (opcional, a un costo adicional). Tambi\u00e9n puede visitar el Museo del Barco Solar (opcional, a un costo adicional), casa a la extraordinariamente bien conservada barco funerario de Keops.<\/p><p>Despu\u00e9s de visitar las pir\u00e1mides, usted continuar\u00e1 a trav\u00e9s de la meseta de una oportunidad de la foto de las tres pir\u00e1mides aumento de las arenas, con el horizonte de el Cairo en el fondo. Un corto trayecto en coche a la ciudad el lado de la meseta se encuentra de pie a los pies de la Esfinge, durante miles de a\u00f1os, el enigm\u00e1tico s\u00edmbolo de Egipto! Entonces, tendr\u00e1 el almuerzo en un restaurante local.<\/p><p>Tu pr\u00f3xima parada es Sakkara, construida en el a\u00f1o 2650 a.C. y hogar de la pir\u00e1mide y el cementerio m\u00e1s antiguo de Egipto. Su gu\u00eda le proporcionar\u00e1 una breve historia de la famosa pir\u00e1mide escalonada del rey Zoser, construida por el ingeniero Imhotep. En Sakkara, tambi\u00e9n visitar\u00e1 una de las magn\u00edficas Mastabas (c\u00e1maras funerarias) de Ptah Hotep, Idut o Mereruca. Luego visitar\u00e1 Memphis. Antes de comenzar su viaje de regreso a Alejandr\u00eda, har\u00e1 una parada en un Instituto de Papiro donde tendr\u00e1 la oportunidad de aprender c\u00f3mo se fabrica el papel de papiro y comprar recuerdos si lo desea. Regreso a su hotel en la ciudad de Alejandr\u00eda o a su crucero.<\/p>","protected":false},"excerpt":{"rendered":"<p>Step back in time to the days of ancient Egypt on a private tour of the Great Pyramids of Giza and Sphinx and the necropolis of Sakkara and Memphis. With your own private Egyptologist guide to lead the way, you can determine the amount of time you will spend at each of the sites you [&hellip;]<\/p>","protected":false},"featured_media":9866,"comment_status":"open","ping_status":"closed","template":"","meta":{"_acf_changed":false,"_joinchat":[]},"product_cat":[74],"product_tag":[72,70],"class_list":{"0":"post-9661","1":"product","2":"type-product","3":"status-publish","4":"has-post-thumbnail","6":"product_cat-fullday","7":"product_tag-alexandria","8":"product_tag-giza","9":"tm-has-options","11":"first","12":"instock","13":"shipping-taxable","14":"purchasable","15":"product-type-simple"},"acf":[],"_links":{"self":[{"href":"https:\/\/egypt-tourism.com\/es\/wp-json\/wp\/v2\/product\/9661","targetHints":{"allow":["GET"]}}],"collection":[{"href":"https:\/\/egypt-tourism.com\/es\/wp-json\/wp\/v2\/product"}],"about":[{"href":"https:\/\/egypt-tourism.com\/es\/wp-json\/wp\/v2\/types\/product"}],"replies":[{"embeddable":true,"href":"https:\/\/egypt-tourism.com\/es\/wp-json\/wp\/v2\/comments?post=9661"}],"wp:featuredmedia":[{"embeddable":true,"href":"https:\/\/egypt-tourism.com\/es\/wp-json\/wp\/v2\/media\/9866"}],"wp:attachment":[{"href":"https:\/\/egypt-tourism.com\/es\/wp-json\/wp\/v2\/media?parent=9661"}],"wp:term":[{"taxonomy":"product_cat","embeddable":true,"href":"https:\/\/egypt-tourism.com\/es\/wp-json\/wp\/v2\/product_cat?post=9661"},{"taxonomy":"product_tag","embeddable":true,"href":"https:\/\/egypt-tourism.com\/es\/wp-json\/wp\/v2\/product_tag?post=9661"}],"curies":[{"name":"wp","href":"https:\/\/api.w.org\/{rel}","templated":true}]}}