{"id":9659,"date":"2024-06-28T01:44:32","date_gmt":"2024-06-28T01:44:32","guid":{"rendered":"https:\/\/egypt-tourism.com\/product\/islamic-cairo-tour-to-islamic-museum-and-famous-mosques\/"},"modified":"2024-07-05T13:11:47","modified_gmt":"2024-07-05T13:11:47","slug":"islamic-cairo-tour-to-islamic-museum-and-famous-mosques","status":"publish","type":"product","link":"https:\/\/egypt-tourism.com\/es\/product\/islamic-cairo-tour-to-islamic-museum-and-famous-mosques\/","title":{"rendered":"El Cairo Isl\u00e1mico \nExcursi\u00f3n al Museo Isl\u00e1mico y Mezquitas Famosas"},"content":{"rendered":"<p>Comience su recorrido por el encuentro con su gu\u00eda Egipt\u00f3logo y en coche del museo de arte Isl\u00e1mico. Esta visita va a enriquecer su conocimiento acerca de los diferentes tipos de monumentos Isl\u00e1micos. Los materiales utilizados en la fabricaci\u00f3n de los artefactos. El museo consta de una planta y una muestra de las miles de Piezas que reflejan las artes durante las diferentes dinast\u00edas. La siguiente parada ser\u00e1 en la ciudadela de Saladino y la mezquita de Alabastro. De la unidad a la parte vieja de el Cairo, donde se le pase por la monta\u00f1a m\u00e1s alta en el Cairo. La fortaleza de Saladino fue construido sobre un acantilado de este monte para proteger la ciudad contra los Cruzados.<\/p><p>En 1830 Mohamed Ali, orden\u00f3 construir la Mezquita de Alabastro en el interior de la ciudadela de Saladino. Se llama la mezquita de Alabastro como las paredes est\u00e1n revestidos con hermosas capas de alabastro. Va a ir en el interior de la mezquita para ver sus principales componentes y aprender acerca de los pilares del islam. Aparte de su gran tama\u00f1o y belleza exquisita, uno de los elementos de belleza de esta mezquita es que tiene dos id\u00e9nticos slim minaretes, superior cubierta de plomo como la mezquita de c\u00fapulas y semi-c\u00fapulas. Disfrute de la vista panor\u00e1mica de la ciudad de la mezquita, donde se pueden ver las pir\u00e1mides de Giza en los d\u00edas claros.<\/p><p>Otra hermosa mezquita es digno de visitar, la mezquita de Ibn Tulun (866-869) est\u00e1 bien conservado, con la \u00fanica torre. Visita museo de arte isl\u00e1mico en el interior de las paredes de la mezquita.<\/p><p>Cuando el viaje es largo, usted ser\u00e1 trasladado a su hotel.<\/p>","protected":false},"excerpt":{"rendered":"<p>Start your tour by meeting your Egyptologist guide and drive to the museum of Islamic art. This visit will enrich your knowledge about the different types of Islamic monuments. The materials used in making those artifacts. The museum consists of one floor and displays thousands of Pieces that reflect arts during the different dynasties. The [&hellip;]<\/p>","protected":false},"featured_media":10003,"comment_status":"open","ping_status":"closed","template":"","meta":{"_acf_changed":false,"_joinchat":[]},"product_cat":[74],"product_tag":[68],"class_list":{"0":"post-9659","1":"product","2":"type-product","3":"status-publish","4":"has-post-thumbnail","6":"product_cat-fullday","7":"product_tag-cairo","8":"tm-has-options","10":"first","11":"instock","12":"shipping-taxable","13":"purchasable","14":"product-type-simple"},"acf":[],"_links":{"self":[{"href":"https:\/\/egypt-tourism.com\/es\/wp-json\/wp\/v2\/product\/9659","targetHints":{"allow":["GET"]}}],"collection":[{"href":"https:\/\/egypt-tourism.com\/es\/wp-json\/wp\/v2\/product"}],"about":[{"href":"https:\/\/egypt-tourism.com\/es\/wp-json\/wp\/v2\/types\/product"}],"replies":[{"embeddable":true,"href":"https:\/\/egypt-tourism.com\/es\/wp-json\/wp\/v2\/comments?post=9659"}],"wp:featuredmedia":[{"embeddable":true,"href":"https:\/\/egypt-tourism.com\/es\/wp-json\/wp\/v2\/media\/10003"}],"wp:attachment":[{"href":"https:\/\/egypt-tourism.com\/es\/wp-json\/wp\/v2\/media?parent=9659"}],"wp:term":[{"taxonomy":"product_cat","embeddable":true,"href":"https:\/\/egypt-tourism.com\/es\/wp-json\/wp\/v2\/product_cat?post=9659"},{"taxonomy":"product_tag","embeddable":true,"href":"https:\/\/egypt-tourism.com\/es\/wp-json\/wp\/v2\/product_tag?post=9659"}],"curies":[{"name":"wp","href":"https:\/\/api.w.org\/{rel}","templated":true}]}}