{"id":9658,"date":"2024-06-28T01:44:32","date_gmt":"2024-06-28T01:44:32","guid":{"rendered":"https:\/\/egypt-tourism.com\/product\/trip-to-mokkatam-mountain-caved-church\/"},"modified":"2024-06-30T02:15:01","modified_gmt":"2024-06-30T02:15:01","slug":"trip-to-mokkatam-mountain-caved-church","status":"publish","type":"product","link":"https:\/\/egypt-tourism.com\/es\/product\/trip-to-mokkatam-mountain-caved-church\/","title":{"rendered":"Viaje A Mokkatam De La Monta\u00f1a Se Derrumb\u00f3 La Iglesia"},"content":{"rendered":"<p>se encontrar\u00e1 con su gu\u00eda en el lobby de su hotel,su gu\u00eda le llevar\u00e1 primero a visitar el monasterio de San Sim\u00f3n el Curtidor, que se encuentra en el interior de la monta\u00f1a. El monasterio se compone de siete iglesias; todos ellos est\u00e1n tallados en el interior de la monta\u00f1a. Su gu\u00eda le dar\u00e1 una introducci\u00f3n sobre el Cristianismo de Egipto. \u00bfC\u00f3mo empez\u00f3 el Cristianismo en Egipto y cu\u00e1l es el significado de la iglesia ortodoxa Copta en Egipto. Su gu\u00eda le explicar\u00e1 c\u00f3mo se esculpi\u00f3 la iglesia, \u00bfc\u00f3mo fue Mokattam Monta\u00f1a fue trasladado desde el norte de el Cairo para el centro, disfrutar de tiempo libre en el interior de la iglesia. Usted tambi\u00e9n tendr\u00e1 la oportunidad de obtener algunas fotos de la monta\u00f1a.a continuaci\u00f3n, recibir\u00e1 de vuelta al hotel<\/p>","protected":false},"excerpt":{"rendered":"<p>you will meet your guide in the lobby of your hotel,your guide will take first to visit the monastery of Saint Simon the Tanner which is located inside the mountain. The monastery consists of seven churches; all of them are carved inside the mountain. Your guide will give you an introduction about the Christianity of [&hellip;]<\/p>","protected":false},"featured_media":9773,"comment_status":"open","ping_status":"closed","template":"","meta":{"_acf_changed":false,"_joinchat":[]},"product_cat":[73],"product_tag":[67,71],"class_list":{"0":"post-9658","1":"product","2":"type-product","3":"status-publish","4":"has-post-thumbnail","6":"product_cat-halfday","7":"product_tag-minya","8":"product_tag-saint-catherine","9":"tm-has-options","11":"first","12":"instock","13":"shipping-taxable","14":"purchasable","15":"product-type-simple"},"acf":[],"_links":{"self":[{"href":"https:\/\/egypt-tourism.com\/es\/wp-json\/wp\/v2\/product\/9658","targetHints":{"allow":["GET"]}}],"collection":[{"href":"https:\/\/egypt-tourism.com\/es\/wp-json\/wp\/v2\/product"}],"about":[{"href":"https:\/\/egypt-tourism.com\/es\/wp-json\/wp\/v2\/types\/product"}],"replies":[{"embeddable":true,"href":"https:\/\/egypt-tourism.com\/es\/wp-json\/wp\/v2\/comments?post=9658"}],"wp:featuredmedia":[{"embeddable":true,"href":"https:\/\/egypt-tourism.com\/es\/wp-json\/wp\/v2\/media\/9773"}],"wp:attachment":[{"href":"https:\/\/egypt-tourism.com\/es\/wp-json\/wp\/v2\/media?parent=9658"}],"wp:term":[{"taxonomy":"product_cat","embeddable":true,"href":"https:\/\/egypt-tourism.com\/es\/wp-json\/wp\/v2\/product_cat?post=9658"},{"taxonomy":"product_tag","embeddable":true,"href":"https:\/\/egypt-tourism.com\/es\/wp-json\/wp\/v2\/product_tag?post=9658"}],"curies":[{"name":"wp","href":"https:\/\/api.w.org\/{rel}","templated":true}]}}