{"id":9657,"date":"2024-06-28T01:44:32","date_gmt":"2024-06-28T01:44:32","guid":{"rendered":"https:\/\/egypt-tourism.com\/product\/islamic-and-coptic-cairo-the-most-monuments\/"},"modified":"2024-06-28T22:29:55","modified_gmt":"2024-06-28T22:29:55","slug":"islamic-and-coptic-cairo-the-most-monuments","status":"publish","type":"product","link":"https:\/\/egypt-tourism.com\/es\/product\/islamic-and-coptic-cairo-the-most-monuments\/","title":{"rendered":"Isl\u00e1mica Y Copta De El Cairo, La Mayor\u00eda De Los Monumentos"},"content":{"rendered":"<p>Satisfacer sus Egipt\u00f3logo que le llevar\u00e1 a un recorrido interesante. Comience su recorrido para visitar el casco antiguo de el Cairo, donde se pueden ver muchas iglesias, especialmente la Iglesia Colgante, que fue construido sobre la Torre Romana, as\u00ed como la de Abu Serga Iglesia, donde se puede explorar la cripta que la sagrada familia se aloj\u00f3 en su interior para 3 meses, y San Jorge de la Iglesia, un romano de la iglesia ortodoxa. La segunda parte de la jornada ser\u00e1 explorar el Cairo Isl\u00e1mico, donde se puede visitar la primera mezquita en Egipto, Amr Abn Como El de la mezquita, as\u00ed como de los mejores de la mezquita de Mohamed Ali Pash, llamada Mezquita de Alabastro, que es similar a la de la Mezquita Azul en Turqu\u00eda. Despu\u00e9s de que usted se proceder\u00e1 a la mezquita de Ibn Tulun, que es la mezquita m\u00e1s antigua que se encuentra intacto en Egipto. Tomar su almuerzo en un restaurante local, entonces usted ser\u00e1 guiado de regreso a su hotel.<\/p>","protected":false},"excerpt":{"rendered":"<p>Meet your Egyptologist who will take you to an interesting tour. Start your tour to visit the old Cairo where you can see many churches, especially the Hanging Church, which was built above the Roman Tower, as well as the Abu Serga Church, where you can explore the crypt that the holy family stayed inside [&hellip;]<\/p>","protected":false},"featured_media":376,"comment_status":"open","ping_status":"closed","template":"","meta":{"_acf_changed":false,"_joinchat":[]},"product_cat":[73],"product_tag":[68],"class_list":{"0":"post-9657","1":"product","2":"type-product","3":"status-publish","4":"has-post-thumbnail","6":"product_cat-halfday","7":"product_tag-cairo","8":"tm-has-options","10":"first","11":"instock","12":"shipping-taxable","13":"purchasable","14":"product-type-simple"},"acf":[],"_links":{"self":[{"href":"https:\/\/egypt-tourism.com\/es\/wp-json\/wp\/v2\/product\/9657","targetHints":{"allow":["GET"]}}],"collection":[{"href":"https:\/\/egypt-tourism.com\/es\/wp-json\/wp\/v2\/product"}],"about":[{"href":"https:\/\/egypt-tourism.com\/es\/wp-json\/wp\/v2\/types\/product"}],"replies":[{"embeddable":true,"href":"https:\/\/egypt-tourism.com\/es\/wp-json\/wp\/v2\/comments?post=9657"}],"wp:featuredmedia":[{"embeddable":true,"href":"https:\/\/egypt-tourism.com\/es\/wp-json\/wp\/v2\/media\/376"}],"wp:attachment":[{"href":"https:\/\/egypt-tourism.com\/es\/wp-json\/wp\/v2\/media?parent=9657"}],"wp:term":[{"taxonomy":"product_cat","embeddable":true,"href":"https:\/\/egypt-tourism.com\/es\/wp-json\/wp\/v2\/product_cat?post=9657"},{"taxonomy":"product_tag","embeddable":true,"href":"https:\/\/egypt-tourism.com\/es\/wp-json\/wp\/v2\/product_tag?post=9657"}],"curies":[{"name":"wp","href":"https:\/\/api.w.org\/{rel}","templated":true}]}}