{"id":9656,"date":"2024-06-28T01:44:32","date_gmt":"2024-06-28T01:44:32","guid":{"rendered":"https:\/\/egypt-tourism.com\/product\/half-day-holy-family-route-in-cairo\/"},"modified":"2024-06-28T22:34:35","modified_gmt":"2024-06-28T22:34:35","slug":"half-day-holy-family-route-in-cairo","status":"publish","type":"product","link":"https:\/\/egypt-tourism.com\/es\/product\/half-day-holy-family-route-in-cairo\/","title":{"rendered":"Medio D\u00eda De La Sagrada Familia De La Ruta En El Cairo"},"content":{"rendered":"<p>El \u00e1rbol de la Virgen Mar\u00eda en Matareya, la iglesia de la Virgen Mar\u00eda en Musturud,fortaleza Romana de Babilonia,la iglesia Colgante, la Iglesia de Abuserga con la Sagrada Cripta, la Sinagoga de Ben Ezra, el museo Copto y la iglesia de la virgen Mar\u00eda en Maadi. En el \u00e1rea de Matareya (El-Mataria,el-Matariya o Matareya) en el Cairo, destaca el de la Virgen Mar\u00eda \u00c1rbol que es un viejo \u00e1rbol sic\u00f3moro. Este \u00e1rbol siempre refugio de la Sagrada Familia durante su estancia en Egipto. Este \u00e1rbol ha sido un destino para los peregrinos que durante muchos siglos. El presente \u00e1rbol creci\u00f3 a partir de un reto\u00f1o plantado en el lugar del \u00e1rbol original pero la tradici\u00f3n del \u00e1rbol sigue vivo. El \u00e1rbol original, milagrosamente, se abri\u00f3 para dar refugio para la Sagrada Familia de dos bandoleros llevarlas a cabo en el tiempo.En el mismo lugar para el ni\u00f1o Jes\u00fas, crea una welland la Sant\u00edsima Virgen Mar\u00eda se utiliza el agua para ba\u00f1ar a Jes\u00fas, tambi\u00e9n b\u00e1lsamo de la planta crec\u00eda all\u00ed. Musturud tiene la iglesia de la Virgen Mar\u00eda, uno de los lugares de refugio para la Sagrada Familia, mientras que en Egipto. Todav\u00eda tiene la cueva y el bien de la Sagrada Familia. Con vistas al Nilo en Maadi es una iglesia de la Virgen Mar\u00eda, que fue construida en el lugar donde la Sagrada Familia cruz\u00f3 el Nilo hasta la orilla occidental, en Giza. en 1976, un santo de la biblia fue llevado por el agua del Nilo y del banco por debajo de la iglesia. Se abri\u00f3 a la p\u00e1gina de Isiah 19:25 declarando, &#034;Bendito el Pueblo m\u00edo Egipto&#034;. es que ahora se conservan en una caja de vidrio en el interior de la iglesia. La zona de casco antiguo de el Cairo, donde podr\u00e1s ver los restos de la fortaleza Romana de Babilonia(siglo 1), y visitar la iglesia colgante de la Virgen Mar\u00eda(siglo 3) construido sobre la torre de la fortaleza, la iglesia de Abu Serga(San Sergio)(siglo 5) con la Sagrada Cripta donde la Sagrada Familia se qued\u00f3 por 6 meses y la Sinagoga de Ben Ezra(siglo 9).<\/p>","protected":false},"excerpt":{"rendered":"<p>The tree of Virgin Mary in Matareya, the church of Virgin Mary in Musturud,Roman fortress of Babylon,Hanging church, Church of Abuserga with the Holy Crypt, the Synagogue of Ben Ezra, the Coptic museum and the church of virgin Mary in Maadi. In the area of Matareya (El-Mataria,el-Matariya or Matareya) in Cairo stands the Virgin Mary&#8217;s [&hellip;]<\/p>","protected":false},"featured_media":380,"comment_status":"open","ping_status":"closed","template":"","meta":{"_acf_changed":false,"_joinchat":[]},"product_cat":[73],"product_tag":[68],"class_list":{"0":"post-9656","1":"product","2":"type-product","3":"status-publish","4":"has-post-thumbnail","6":"product_cat-halfday","7":"product_tag-cairo","8":"tm-has-options","10":"first","11":"instock","12":"shipping-taxable","13":"purchasable","14":"product-type-simple"},"acf":[],"_links":{"self":[{"href":"https:\/\/egypt-tourism.com\/es\/wp-json\/wp\/v2\/product\/9656","targetHints":{"allow":["GET"]}}],"collection":[{"href":"https:\/\/egypt-tourism.com\/es\/wp-json\/wp\/v2\/product"}],"about":[{"href":"https:\/\/egypt-tourism.com\/es\/wp-json\/wp\/v2\/types\/product"}],"replies":[{"embeddable":true,"href":"https:\/\/egypt-tourism.com\/es\/wp-json\/wp\/v2\/comments?post=9656"}],"wp:featuredmedia":[{"embeddable":true,"href":"https:\/\/egypt-tourism.com\/es\/wp-json\/wp\/v2\/media\/380"}],"wp:attachment":[{"href":"https:\/\/egypt-tourism.com\/es\/wp-json\/wp\/v2\/media?parent=9656"}],"wp:term":[{"taxonomy":"product_cat","embeddable":true,"href":"https:\/\/egypt-tourism.com\/es\/wp-json\/wp\/v2\/product_cat?post=9656"},{"taxonomy":"product_tag","embeddable":true,"href":"https:\/\/egypt-tourism.com\/es\/wp-json\/wp\/v2\/product_tag?post=9656"}],"curies":[{"name":"wp","href":"https:\/\/api.w.org\/{rel}","templated":true}]}}