{"id":9655,"date":"2024-06-28T01:44:32","date_gmt":"2024-06-28T01:44:32","guid":{"rendered":"https:\/\/egypt-tourism.com\/product\/famous-mosques-of-cairo-day-tour\/"},"modified":"2024-06-28T22:40:31","modified_gmt":"2024-06-28T22:40:31","slug":"famous-mosques-of-cairo-day-tour","status":"publish","type":"product","link":"https:\/\/egypt-tourism.com\/es\/product\/famous-mosques-of-cairo-day-tour\/","title":{"rendered":"Famous Mosques Of Cairo Half Day Tour"},"content":{"rendered":"<p>Despu\u00e9s de reunirse con su gu\u00eda tur\u00edstico en el hotel, comenzar\u00e1 su tour con la mezquita de Mohamed Ali, tambi\u00e9n conocida como la mezquita de Alabastro. En 1830, Mohamed Ali, el rey de Egipto orden\u00f3 construir la Mezquita de Alabastro en el interior de la ciudadela. Va a ir en el interior de la mezquita para ver sus principales componentes y aprender acerca de los pilares del islam. Aparte de su gran tama\u00f1o y belleza exquisita, uno de los elementos de belleza de esta mezquita es que tiene dos id\u00e9nticos slim minaretes, superior cubierta de plomo como la mezquita de c\u00fapulas y semi-c\u00fapulas. Disfrute de la vista panor\u00e1mica de la ciudad de la mezquita, donde se pueden ver las pir\u00e1mides de Giza en los d\u00edas claros. Otra hermosa mezquita es digno de visitar, la mezquita de Ibn Tulun(866-869).Este es el mejor conservado uno en el Cairo. La mezquita tiene la \u00fanica torre. Es uno de un tipo en todo Egipto, donde la escalera exterior de la torre. Tambi\u00e9n podr\u00e1 visitar el museo de arte isl\u00e1mico en el interior de las paredes de la mezquita. La siguiente parada ser\u00e1 en el Sultan Hassan mezquita y Madrasa que se remonta al Siglo 14. Es una mezquita \u00fanica, con sus altos arcos, hermosa multi-crom\u00e1tica con piso de m\u00e1rmol y un estilo \u00fanico. Cuando el viaje termina, se va a ir de vuelta al hotel.<\/p><p><a href=\"https:\/\/www.egyptturism.com\/contact.php\" target=\"_blank\" rel=\"noreferrer noopener\">Reservar Y Pagar A La Llegada<\/a><\/p>","protected":false},"excerpt":{"rendered":"<p>After meeting your tour guide at the hotel, you will start your tour with the mosque of Mohamed Ali, known also as the Alabaster mosque. In 1830, Mohamed Ali, the king of Egypt ordered to build the Alabaster Mosque inside the citadel. You will go inside the mosque to see its main components and learn [&hellip;]<\/p>","protected":false},"featured_media":384,"comment_status":"open","ping_status":"closed","template":"","meta":{"_acf_changed":false,"_joinchat":[]},"product_cat":[73],"product_tag":[68],"class_list":{"0":"post-9655","1":"product","2":"type-product","3":"status-publish","4":"has-post-thumbnail","6":"product_cat-halfday","7":"product_tag-cairo","8":"tm-has-options","10":"first","11":"instock","12":"shipping-taxable","13":"purchasable","14":"product-type-simple"},"acf":[],"_links":{"self":[{"href":"https:\/\/egypt-tourism.com\/es\/wp-json\/wp\/v2\/product\/9655","targetHints":{"allow":["GET"]}}],"collection":[{"href":"https:\/\/egypt-tourism.com\/es\/wp-json\/wp\/v2\/product"}],"about":[{"href":"https:\/\/egypt-tourism.com\/es\/wp-json\/wp\/v2\/types\/product"}],"replies":[{"embeddable":true,"href":"https:\/\/egypt-tourism.com\/es\/wp-json\/wp\/v2\/comments?post=9655"}],"wp:featuredmedia":[{"embeddable":true,"href":"https:\/\/egypt-tourism.com\/es\/wp-json\/wp\/v2\/media\/384"}],"wp:attachment":[{"href":"https:\/\/egypt-tourism.com\/es\/wp-json\/wp\/v2\/media?parent=9655"}],"wp:term":[{"taxonomy":"product_cat","embeddable":true,"href":"https:\/\/egypt-tourism.com\/es\/wp-json\/wp\/v2\/product_cat?post=9655"},{"taxonomy":"product_tag","embeddable":true,"href":"https:\/\/egypt-tourism.com\/es\/wp-json\/wp\/v2\/product_tag?post=9655"}],"curies":[{"name":"wp","href":"https:\/\/api.w.org\/{rel}","templated":true}]}}