{"id":9644,"date":"2024-06-28T01:44:32","date_gmt":"2024-06-28T01:44:32","guid":{"rendered":"https:\/\/egypt-tourism.com\/product\/al-tanoura-folklore-dance-show-night-tour\/"},"modified":"2024-06-28T21:56:37","modified_gmt":"2024-06-28T21:56:37","slug":"al-tanoura-folklore-dance-show-night-tour","status":"publish","type":"product","link":"https:\/\/egypt-tourism.com\/es\/product\/al-tanoura-folklore-dance-show-night-tour\/","title":{"rendered":"Al Tanoura Folclore Espect\u00e1culo De La Danza Del Tour De Noche"},"content":{"rendered":"<p>El Tanoura baile se realiza por Sufi hombres,Darawish.La danza es similar a la Sufi girando en medio oriente y Turqu\u00eda.En este espect\u00e1culo,los hombres visten de largo coloridas faldas, donde cada color en la falda representa una orden Suf\u00ed. Nuestro representante le esperar\u00e1 en el hotel en el tiempo.Usted va a conducir a la zona de Khan El Khalili, donde el espect\u00e1culo se llevar\u00e1 a cabo.Tannura es un tipo de baile que est\u00e1 conectado a los Derviches que originalmente realizar religioso, el canto y la danza.El espect\u00e1culo comienza con los m\u00fasicos tocando melod\u00edas tradicionales en Nay(flauta),Rababa(la\u00fad, como los instrumentos que se tocan con un arco) y de percusi\u00f3n, a continuaci\u00f3n, introducido por un religioso canto, el primer solo de Tannoura bailarina, con su vestido verde y rayas vestido lleva a la etapa y comienza girando. Y gira y gira continuamente, acompa\u00f1ado por un fascinante melod\u00eda, durante unos 20 minutos. El espect\u00e1culo contin\u00faa con otra sesi\u00f3n de m\u00fasica interpretada por un grupo de jugadores Nay(flauta) y otros instrumentos de madera antes de los tres m\u00e1s los bailarines que vienen en la etapa y empezar otra incre\u00edble baile con diferentes figuras destinado a mostrar su talento y la resistencia.Este es un espect\u00e1culo maravilloso, podr\u00e1 disfrutar de la visi\u00f3n en Egipcio talento y la cultura.Despu\u00e9s de la final de la presentaci\u00f3n,usted ser\u00e1 llevado de regreso al hotel. El lugar donde se va a asistir a la exposici\u00f3n es muy impresionante.Se llama Wikalet Al Ghory.Construido en 1504 A. D. por el Sult\u00e1n Qunsuwah Al Ghouri, Wakalat El-Ghouri fue dise\u00f1ado originalmente como una posada para alojar a los comerciantes que vienen de todas partes del mundo, as\u00ed como un mercado para el comercio de bienes y sede para la toma de acuerdos comerciales. El edificio se compone de cuatro pisos,cada uno con 28 habitaciones con techos abovedados, con vistas a una de forma rectangular patio con una fuente de mosaico en el medio. Como tal, Wakalat El-Ghouri todav\u00eda se destaca como uno de los m\u00e1s elevados y la mayor\u00eda de los imperecederos monumentos Isl\u00e1micos restantes. Justamente refleja un \u00e1pice de la armon\u00eda y la simetr\u00eda, tanto en t\u00e9rminos de la arquitectura Isl\u00e1mica y funcionalidad pr\u00e1ctica.<\/p>","protected":false},"excerpt":{"rendered":"<p>The Tanoura dance is performed by Sufi men,Darawish.The dance is similar to the Sufi whirling in Levant and Turkey.In this show,the men wear long colorful skirts, where each color on the skirt represents one Sufi order. Our representative will meet you at the hotel on time.You will drive to the area of Khan El Khalili [&hellip;]<\/p>","protected":false},"featured_media":441,"comment_status":"open","ping_status":"closed","template":"","meta":{"_acf_changed":false,"_joinchat":[]},"product_cat":[66],"product_tag":[68],"class_list":{"0":"post-9644","1":"product","2":"type-product","3":"status-publish","4":"has-post-thumbnail","6":"product_cat-nile-cruise-tours","7":"product_tag-cairo","8":"tm-has-options","10":"first","11":"instock","12":"shipping-taxable","13":"purchasable","14":"product-type-simple"},"acf":[],"_links":{"self":[{"href":"https:\/\/egypt-tourism.com\/es\/wp-json\/wp\/v2\/product\/9644","targetHints":{"allow":["GET"]}}],"collection":[{"href":"https:\/\/egypt-tourism.com\/es\/wp-json\/wp\/v2\/product"}],"about":[{"href":"https:\/\/egypt-tourism.com\/es\/wp-json\/wp\/v2\/types\/product"}],"replies":[{"embeddable":true,"href":"https:\/\/egypt-tourism.com\/es\/wp-json\/wp\/v2\/comments?post=9644"}],"wp:featuredmedia":[{"embeddable":true,"href":"https:\/\/egypt-tourism.com\/es\/wp-json\/wp\/v2\/media\/441"}],"wp:attachment":[{"href":"https:\/\/egypt-tourism.com\/es\/wp-json\/wp\/v2\/media?parent=9644"}],"wp:term":[{"taxonomy":"product_cat","embeddable":true,"href":"https:\/\/egypt-tourism.com\/es\/wp-json\/wp\/v2\/product_cat?post=9644"},{"taxonomy":"product_tag","embeddable":true,"href":"https:\/\/egypt-tourism.com\/es\/wp-json\/wp\/v2\/product_tag?post=9644"}],"curies":[{"name":"wp","href":"https:\/\/api.w.org\/{rel}","templated":true}]}}