{"id":10158,"date":"2025-12-26T15:39:00","date_gmt":"2025-12-26T15:39:00","guid":{"rendered":"https:\/\/egypt-tourism.com\/?post_type=product&#038;p=10158"},"modified":"2025-12-26T18:03:46","modified_gmt":"2025-12-26T18:03:46","slug":"giza-pyramids-sphinx-saqqarah-dahshur-and-memphis-day-tour","status":"publish","type":"product","link":"https:\/\/egypt-tourism.com\/es\/product\/giza-pyramids-sphinx-saqqarah-dahshur-and-memphis-day-tour\/","title":{"rendered":"Excursi\u00f3n de un d\u00eda a las pir\u00e1mides de Giza, la Esfinge, Saqqara, Dahshur y Menfis"},"content":{"rendered":"<p data-start=\"528\" data-end=\"908\">Experimente los lugares m\u00e1s emblem\u00e1ticos de Egipto en un exclusivo <strong data-start=\"585\" data-end=\"623\">Excursi\u00f3n privada de lujo de un d\u00eda desde El Cairo<\/strong>Dise\u00f1ado para viajeros que buscan comodidad, autenticidad y elegancia. Este viaje premium combina la mundialmente famosa... <strong data-start=\"740\" data-end=\"760\">Las pir\u00e1mides de Giza<\/strong>, el enigm\u00e1tico <strong data-start=\"776\" data-end=\"786\">Esfinge<\/strong>, y las antiguas maravillas de <strong data-start=\"815\" data-end=\"826\">Saqqara<\/strong>, <strong data-start=\"828\" data-end=\"839\">Dahshur<\/strong>, y <strong data-start=\"845\" data-end=\"856\">Memphis<\/strong>\u2014Cinco sitios legendarios en un solo d\u00eda inolvidable.<\/p>\n<p data-start=\"910\" data-end=\"1263\">Tu experiencia comienza con <strong data-start=\"940\" data-end=\"966\">Grandes Pir\u00e1mides de Giza<\/strong>, donde su gu\u00eda privado le llevar\u00e1 a los mejores miradores panor\u00e1micos para tomar fotos excepcionales y disfrutar de un ambiente sereno, lejos de las multitudes. Disfrute de una perspectiva personalizada de la Gran Pir\u00e1mide de Keops, Kefr\u00e9n y Micerinos antes de encontrarse con la mirada eterna del... <strong data-start=\"1227\" data-end=\"1237\">Esfinge<\/strong>, guardiana de la meseta.<\/p>\n<p data-start=\"1265\" data-end=\"1512\">Continuar a <strong data-start=\"1277\" data-end=\"1288\">Saqqara<\/strong>Hogar de la Pir\u00e1mide Escalonada del Rey Zoser, la estructura monumental de piedra m\u00e1s antigua de la historia de la humanidad. En este vasto paisaje des\u00e9rtico, sentir\u00e1 la exclusividad y la serena sofisticaci\u00f3n de un lugar donde pocos viajeros se quedan.<\/p>\n<p data-start=\"1514\" data-end=\"1786\">Tu viaje entonces te lleva a <strong data-start=\"1546\" data-end=\"1557\">Dahshur<\/strong>, una de las zonas arqueol\u00f3gicas m\u00e1s exclusivas de Egipto. Aqu\u00ed, la Pir\u00e1mide Roja y la Pir\u00e1mide Acodada se alzan en un tranquilo aislamiento, ofreciendo un lujo poco com\u00fan en Egipto: espacio, silencio y una profunda conexi\u00f3n con el mundo antiguo.<\/p>\n<p data-start=\"1788\" data-end=\"1968\">El recorrido concluye en <strong data-start=\"1810\" data-end=\"1821\">Memphis<\/strong>, la primera capital del antiguo Egipto, donde estatuas bellamente conservadas y artefactos reales revelan la grandeza de las primeras dinast\u00edas fara\u00f3nicas.<\/p>\n<p data-start=\"1970\" data-end=\"2206\">A lo largo del d\u00eda, disfruta <strong data-start=\"1997\" data-end=\"2031\">transporte privado premium<\/strong>Bebidas fr\u00edas, horarios flexibles y la atenci\u00f3n total de un gu\u00eda egipt\u00f3logo experto. Cada momento est\u00e1 cuidadosamente organizado para ofrecer comodidad, elegancia y una sensaci\u00f3n de asombro.<\/p>\n<p data-start=\"2208\" data-end=\"2384\">Este lujoso tour de un d\u00eda es perfecto para los viajeros que buscan una exploraci\u00f3n refinada y totalmente privada de los tesoros arqueol\u00f3gicos m\u00e1s importantes de Egipto, todo en una experiencia excepcional.<\/p>","protected":false},"excerpt":{"rendered":"<p>Experience Egypt\u2019s most iconic landmarks on an exclusive luxury private day tour from Cairo, designed for travelers seeking comfort, authenticity, and elegance. This premium journey combines the world-famous Pyramids of Giza, the enigmatic Sphinx, and the ancient wonders of Saqqarah, Dahshur, and Memphis\u2014five legendary sites in a single unforgettable day. Your experience begins at the [&hellip;]<\/p>","protected":false},"featured_media":10159,"comment_status":"open","ping_status":"closed","template":"","meta":{"_acf_changed":false,"_joinchat":[]},"product_cat":[74],"product_tag":[70],"class_list":{"0":"post-10158","1":"product","2":"type-product","3":"status-publish","4":"has-post-thumbnail","6":"product_cat-fullday","7":"product_tag-giza","8":"tm-has-options","10":"first","11":"instock","12":"shipping-taxable","13":"purchasable","14":"product-type-simple"},"acf":[],"_links":{"self":[{"href":"https:\/\/egypt-tourism.com\/es\/wp-json\/wp\/v2\/product\/10158","targetHints":{"allow":["GET"]}}],"collection":[{"href":"https:\/\/egypt-tourism.com\/es\/wp-json\/wp\/v2\/product"}],"about":[{"href":"https:\/\/egypt-tourism.com\/es\/wp-json\/wp\/v2\/types\/product"}],"replies":[{"embeddable":true,"href":"https:\/\/egypt-tourism.com\/es\/wp-json\/wp\/v2\/comments?post=10158"}],"wp:featuredmedia":[{"embeddable":true,"href":"https:\/\/egypt-tourism.com\/es\/wp-json\/wp\/v2\/media\/10159"}],"wp:attachment":[{"href":"https:\/\/egypt-tourism.com\/es\/wp-json\/wp\/v2\/media?parent=10158"}],"wp:term":[{"taxonomy":"product_cat","embeddable":true,"href":"https:\/\/egypt-tourism.com\/es\/wp-json\/wp\/v2\/product_cat?post=10158"},{"taxonomy":"product_tag","embeddable":true,"href":"https:\/\/egypt-tourism.com\/es\/wp-json\/wp\/v2\/product_tag?post=10158"}],"curies":[{"name":"wp","href":"https:\/\/api.w.org\/{rel}","templated":true}]}}